{"id":534,"date":"2015-07-03T08:03:04","date_gmt":"2015-07-03T08:03:04","guid":{"rendered":"\/?page_id=534"},"modified":"2025-04-01T14:09:22","modified_gmt":"2025-04-01T12:09:22","slug":"kontakta-oss","status":"publish","type":"page","link":"https:\/\/utemassan.se\/sv\/kontakta-oss\/","title":{"rendered":"Kontakta oss"},"content":{"rendered":"<div class=\"crane-section\"><div class=\"crane-background\" style=\"background-image: url('https:\/\/utemassan.se\/wp-content\/uploads\/2019\/12\/contact-bg.jpg');background-size: cover;background-position: center center;\"><\/div><div class=\"crane-background-overlay\" style=\"background-color: rgba(0,0,0,0.29)\"><\/div><div class=\"crane-container\"><div class=\"vc_row wpb_row vc_row-fluid vc_custom_1575884515855\"><div class=\"wpb_column vc_column_container vc_col-sm-10\"><div class=\"vc_column-inner \"><div class=\"wpb_wrapper\"><div class=\"ult-spacer spacer-6a0a0ee9619d7\" data-id=\"6a0a0ee9619d7\" data-height=\"285\" data-height-mobile=\"285\" data-height-tab=\"285\" data-height-tab-portrait=\"\" data-height-mobile-landscape=\"\" style=\"clear:both;display:block;\"><\/div><\/div><\/div><\/div><div class=\"wpb_column vc_column_container vc_col-sm-10 vc_col-lg-7 vc_col-md-10 vc_col-has-fill\"><div class=\"vc_column-inner vc_custom_1557902519491\"><div class=\"wpb_wrapper\"><div id=\"ultimate-heading-74046a0a0ee961ae9\" class=\"uvc-heading ult-adjust-bottom-margin ultimate-heading-74046a0a0ee961ae9 uvc-6437 \" data-hspacer=\"no_spacer\"  data-halign=\"left\" style=\"text-align:left\"><div class=\"uvc-heading-spacer no_spacer\" style=\"top\"><\/div><div class=\"uvc-main-heading ult-responsive\"  data-ultimate-target='.uvc-heading.ultimate-heading-74046a0a0ee961ae9 h2'  data-responsive-json-new='{\"font-size\":\"desktop:30px;\",\"line-height\":\"\"}' ><h2 style=\"font-weight:bold;color:#ffffff;margin-top:50px;margin-bottom:25px;\">Beh\u00f6ver du ytterligare svar p\u00e5 dina fr\u00e5gor?<\/h2><\/div><\/div><div class=\"vc_row wpb_row vc_inner vc_row-fluid\"><div class=\"wpb_column vc_column_container vc_col-sm-6\"><div class=\"vc_column-inner \"><div class=\"wpb_wrapper\"><div id=\"ultimate-heading-77246a0a0ee9631fe\" class=\"uvc-heading ult-adjust-bottom-margin ultimate-heading-77246a0a0ee9631fe uvc-8006 \" data-hspacer=\"no_spacer\"  data-halign=\"left\" style=\"text-align:left\"><div class=\"uvc-heading-spacer no_spacer\" style=\"top\"><\/div><div class=\"uvc-sub-heading ult-responsive\"  data-ultimate-target='.uvc-heading.ultimate-heading-77246a0a0ee9631fe .uvc-sub-heading '  data-responsive-json-new='{\"font-size\":\"desktop:14px;\",\"line-height\":\"desktop:25px;\"}'  style=\"font-weight:normal;color:#ffffff;\"><span class=\"contact-street\">Mo-Event AB<br \/>\n<\/span>070-668 58 13<\/div><\/div><\/div><\/div><\/div><div class=\"wpb_column vc_column_container vc_col-sm-6\"><div class=\"vc_column-inner \"><div class=\"wpb_wrapper\"><div class=\"uavc-list-icon uavc-list-icon-wrapper ult-adjust-bottom-margin   \"><ul class=\"uavc-list\"><li><div class=\"uavc-list-content\" id=\"list-icon-wrap-4273\">\n<div class=\"uavc-list-icon  \" data-animation=\"\" data-animation-delay=\"03\" style=\"margin-right:15px;\"><div class=\"ult-just-icon-wrapper  \"><div class=\"align-icon\" style=\"text-align:center;\">\n<div class=\"aio-icon none \"  style=\"color:#ffffff;font-size:16px;display:inline-block;\">\n\t<i class=\"Defaults-home\"><\/i>\n<\/div><\/div><\/div>\n<\/div><span  data-ultimate-target='#list-icon-wrap-4273 .uavc-list-desc'  data-responsive-json-new='{\"font-size\":\"\",\"line-height\":\"\"}'  class=\"uavc-list-desc ult-responsive\" style=\"\"><span style=\"color: #ffffff;\">www.utemassan.se<\/span><\/span><\/div><\/li><li><div class=\"uavc-list-content\" id=\"list-icon-wrap-7375\">\n<div class=\"uavc-list-icon  \" data-animation=\"\" data-animation-delay=\"03\" style=\"margin-right:15px;\"><div class=\"ult-just-icon-wrapper  \"><div class=\"align-icon\" style=\"text-align:center;\">\n<div class=\"aio-icon none \"  style=\"color:#ffffff;font-size:16px;display:inline-block;\">\n\t<i class=\"Defaults-envelope-o\"><\/i>\n<\/div><\/div><\/div>\n<\/div><span  data-ultimate-target='#list-icon-wrap-7375 .uavc-list-desc'  data-responsive-json-new='{\"font-size\":\"\",\"line-height\":\"\"}'  class=\"uavc-list-desc ult-responsive\" style=\"\"><span style=\"color: #ffffff;\">info@utemassan.se<\/span><\/span><\/div><\/li><li><div class=\"uavc-list-content\" id=\"list-icon-wrap-3281\">\n<div class=\"uavc-list-icon  \" data-animation=\"\" data-animation-delay=\"03\" style=\"margin-right:15px;\"><div class=\"ult-just-icon-wrapper  \"><div class=\"align-icon\" style=\"text-align:center;\">\n<div class=\"aio-icon none \"  style=\"color:#ffffff;font-size:16px;display:inline-block;\">\n\t<i class=\"Defaults-location-arrow\"><\/i>\n<\/div><\/div><\/div>\n<\/div><span  data-ultimate-target='#list-icon-wrap-3281 .uavc-list-desc'  data-responsive-json-new='{\"font-size\":\"\",\"line-height\":\"\"}'  class=\"uavc-list-desc ult-responsive\" style=\"\"><span style=\"color: #ffffff;\"><a href=\"https:\/\/www.google.com\/maps\/place\/Borgaregatan+22,+921+31+Lycksele\/@64.5969401,18.6743817,17z\/data=!3m1!4b1!4m5!3m4!1s0x467bd74492a0c477:0xb5db2016abdd5cc6!8m2!3d64.5969401!4d18.6765704\" target=\"_blank\" rel=\"noopener noreferrer\">Se kartbild<\/a><\/span><\/span><\/div><\/li><\/ul><\/div><\/div><\/div><\/div><\/div><\/div><\/div><\/div><div class=\"wpb_column vc_column_container vc_col-sm-10\"><div class=\"vc_column-inner \"><div class=\"wpb_wrapper\"><div class=\"ult-spacer spacer-6a0a0ee963860\" data-id=\"6a0a0ee963860\" data-height=\"70\" data-height-mobile=\"70\" data-height-tab=\"70\" data-height-tab-portrait=\"\" data-height-mobile-landscape=\"\" style=\"clear:both;display:block;\"><\/div><\/div><\/div><\/div><\/div><\/div><\/div><!-- Row Backgrounds --><div class=\"crane-section\"><div class=\"crane-container\"><div class=\"vc_row wpb_row vc_row-fluid\"><div class=\"wpb_column vc_column_container vc_col-sm-12\"><div class=\"vc_column-inner \"><div class=\"wpb_wrapper\"><div class=\"ult-spacer spacer-6a0a0ee963ccb\" data-id=\"6a0a0ee963ccb\" data-height=\"95\" data-height-mobile=\"45\" data-height-tab=\"\" data-height-tab-portrait=\"\" data-height-mobile-landscape=\"45\" style=\"clear:both;display:block;\"><\/div><h2 style=\"text-align: left\" class=\"vc_custom_heading vc_custom_1557819691185\" >Kontakta oss idag<\/h2><\/div><\/div><\/div><div class=\"wpb_column vc_column_container vc_col-sm-12 vc_col-md-8\"><div class=\"vc_column-inner \"><div class=\"wpb_wrapper\">\n<div class=\"wpcf7 no-js\" id=\"wpcf7-f9103-o1\" lang=\"sv-SE\" dir=\"ltr\">\n<div class=\"screen-reader-response\"><p role=\"status\" aria-live=\"polite\" aria-atomic=\"true\"><\/p> <ul><\/ul><\/div>\n<form action=\"\/sv\/wp-json\/wp\/v2\/pages\/534#wpcf7-f9103-o1\" method=\"post\" class=\"wpcf7-form init\" aria-label=\"Kontaktformul\u00e4r\" novalidate=\"novalidate\" data-status=\"init\">\n<div style=\"display: none;\">\n<input type=\"hidden\" name=\"_wpcf7\" value=\"9103\" \/>\n<input type=\"hidden\" name=\"_wpcf7_version\" value=\"5.8.6\" \/>\n<input type=\"hidden\" name=\"_wpcf7_locale\" value=\"sv_SE\" \/>\n<input type=\"hidden\" name=\"_wpcf7_unit_tag\" value=\"wpcf7-f9103-o1\" \/>\n<input type=\"hidden\" name=\"_wpcf7_container_post\" value=\"0\" \/>\n<input type=\"hidden\" name=\"_wpcf7_posted_data_hash\" value=\"\" \/>\n<input type=\"hidden\" name=\"_wpcf7_recaptcha_response\" value=\"\" \/>\n<\/div>\n<p><label> Ditt namn *<br \/>\n<span class=\"wpcf7-form-control-wrap\" data-name=\"your-name\"><input size=\"40\" class=\"wpcf7-form-control wpcf7-text wpcf7-validates-as-required\" aria-required=\"true\" aria-invalid=\"false\" value=\"\" type=\"text\" name=\"your-name\" \/><\/span> <\/label>\n<\/p>\n<p><label> Din e-post *<br \/>\n<span class=\"wpcf7-form-control-wrap\" data-name=\"your-email\"><input size=\"40\" class=\"wpcf7-form-control wpcf7-email wpcf7-validates-as-required wpcf7-text wpcf7-validates-as-email\" aria-required=\"true\" aria-invalid=\"false\" value=\"\" type=\"email\" name=\"your-email\" \/><\/span> <\/label>\n<\/p>\n<p><label> Din telefon (*)<br \/>\n<span class=\"wpcf7-form-control-wrap\" data-name=\"tel-967\"><input size=\"40\" class=\"wpcf7-form-control wpcf7-tel wpcf7-text wpcf7-validates-as-tel\" aria-invalid=\"false\" value=\"\" type=\"tel\" name=\"tel-967\" \/><\/span> <\/label>\n<\/p>\n<p><span id=\"wpcf7-6a0a0ee96483d-wrapper\" class=\"wpcf7-form-control-wrap website-url-wrap\" ><label for=\"website-url-input\" class=\"hp-message\">L\u00e4mna detta f\u00e4lt tomt.<\/label><input id=\"website-url-input\"  class=\"wpcf7-form-control wpcf7-text\" type=\"text\" name=\"website-url\" value=\"\" size=\"40\" tabindex=\"-1\" autocomplete=\"new-password\" \/><\/span>\n<\/p>\n<p><label> \u00c4mne *<br \/>\n<span class=\"wpcf7-form-control-wrap\" data-name=\"your-subject\"><input size=\"40\" class=\"wpcf7-form-control wpcf7-text\" aria-invalid=\"false\" value=\"\" type=\"text\" name=\"your-subject\" \/><\/span> <\/label>\n<\/p>\n<p><label> Ditt meddelande *<br \/>\n<span class=\"wpcf7-form-control-wrap\" data-name=\"your-message\"><textarea cols=\"40\" rows=\"10\" class=\"wpcf7-form-control wpcf7-textarea\" aria-invalid=\"false\" name=\"your-message\"><\/textarea><\/span> <\/label>\n<\/p>\n<p><input class=\"wpcf7-form-control wpcf7-submit has-spinner\" type=\"submit\" value=\"Skicka\" \/>\n<\/p>\n<p class=\"recaptcha-text\">* Formul\u00e4ret \u00e4r skyddat av reCAPTCHA fr\u00e5n <a href=\"https:\/\/policies.google.com\/terms\">Google<\/a>.\n<\/p><div class=\"wpcf7-response-output\" aria-hidden=\"true\"><\/div>\n<\/form>\n<\/div>\n<div class=\"ult-spacer spacer-6a0a0ee9648c1\" data-id=\"6a0a0ee9648c1\" data-height=\"95\" data-height-mobile=\"35\" data-height-tab=\"\" data-height-tab-portrait=\"35\" data-height-mobile-landscape=\"35\" style=\"clear:both;display:block;\"><\/div><\/div><\/div><\/div><div class=\"wpb_column vc_column_container vc_col-sm-12 vc_col-md-4\"><div class=\"vc_column-inner \"><div class=\"wpb_wrapper\"><div id=\"ultimate-heading-35446a0a0ee9649a5\" class=\"uvc-heading ult-adjust-bottom-margin ultimate-heading-35446a0a0ee9649a5 uvc-5741 \" data-hspacer=\"no_spacer\"  data-halign=\"left\" style=\"text-align:left\"><div class=\"uvc-heading-spacer no_spacer\" style=\"top\"><\/div><div class=\"uvc-main-heading ult-responsive\"  data-ultimate-target='.uvc-heading.ultimate-heading-35446a0a0ee9649a5 h2'  data-responsive-json-new='{\"font-size\":\"desktop:19px;\",\"line-height\":\"desktop:25px;\"}' ><h2 style=\"font-weight:bold;color:#000000;margin-bottom:30px;\">DIREKTKONTAKT<\/h2><\/div><\/div>\n\t<div class=\"wpb_text_column wpb_content_element \" >\n\t\t<div class=\"wpb_wrapper\">\n\t\t\t<p><strong>Magnus Ols\u00e9n<br \/>\nM\u00e4ssansvarig<\/strong><br \/>\nE-post: <span id=\"cloakcb994af275c59722b96f05316dea6d11\"><span id=\"cloak207c5e937f4627794cc06e5cb7e61864\"><a href=\"mailto:magnus@utemassan.se\">magnus@utemassan.se<\/a><\/span><\/span><br \/>\nTel: 070-668 58 11<\/p>\n<p class=\"p1\"><strong>Cajsa Ols\u00e9n<br \/>\nProjekt\/kundansvarig<br \/>\n<\/strong>E-post: <span class=\"s1\"><a href=\"mailto:cajsa@utemassan.se\">cajsa@utemassan.se<\/a><br \/>\n<\/span>Tel: 070-668 58 13<\/p>\n<p>Vi ser fram emot att h\u00f6ra fr\u00e5n dig!<\/p>\n\n\t\t<\/div>\n\t<\/div>\n<div class=\"ult-spacer spacer-6a0a0ee964ddc\" data-id=\"6a0a0ee964ddc\" data-height=\"\" data-height-mobile=\"75\" data-height-tab=\"\" data-height-tab-portrait=\"50\" data-height-mobile-landscape=\"75\" style=\"clear:both;display:block;\"><\/div><\/div><\/div><\/div><\/div><\/div><\/div><div class=\"crane-section\"><div class=\"crane-container\"><div class=\"vc_row wpb_row vc_row-fluid\"><div class=\"wpb_column vc_column_container vc_col-sm-12\"><div class=\"vc_column-inner \"><div class=\"wpb_wrapper\"><\/div><\/div><\/div><\/div><\/div><\/div>\n","protected":false},"excerpt":{"rendered":"Beh\u00f6ver du ytterligare svar p\u00e5 dina fr\u00e5gor?Mo-Event AB 070-668 58 13 www.utemassan.se info@utemassan.se Se kartbildKontakta oss idag Ditt namn * Din e-post * Din telefon (*) L\u00e4mna detta f\u00e4lt tomt. \u00c4mne * Ditt meddelande * * Formul\u00e4ret \u00e4r skyddat av reCAPTCHA fr\u00e5n Google. DIREKTKONTAKT Magnus Ols\u00e9n M\u00e4ssansvarig E-post: magnus@utemassan.se Tel: 070-668 58 11 Cajsa Ols\u00e9n ...","protected":false},"author":10,"featured_media":0,"parent":0,"menu_order":0,"comment_status":"closed","ping_status":"closed","template":"","meta":{"inline_featured_image":false,"footnotes":""},"_links":{"self":[{"href":"https:\/\/utemassan.se\/sv\/wp-json\/wp\/v2\/pages\/534"}],"collection":[{"href":"https:\/\/utemassan.se\/sv\/wp-json\/wp\/v2\/pages"}],"about":[{"href":"https:\/\/utemassan.se\/sv\/wp-json\/wp\/v2\/types\/page"}],"author":[{"embeddable":true,"href":"https:\/\/utemassan.se\/sv\/wp-json\/wp\/v2\/users\/10"}],"replies":[{"embeddable":true,"href":"https:\/\/utemassan.se\/sv\/wp-json\/wp\/v2\/comments?post=534"}],"version-history":[{"count":49,"href":"https:\/\/utemassan.se\/sv\/wp-json\/wp\/v2\/pages\/534\/revisions"}],"predecessor-version":[{"id":11847,"href":"https:\/\/utemassan.se\/sv\/wp-json\/wp\/v2\/pages\/534\/revisions\/11847"}],"wp:attachment":[{"href":"https:\/\/utemassan.se\/sv\/wp-json\/wp\/v2\/media?parent=534"}],"curies":[{"name":"wp","href":"https:\/\/api.w.org\/{rel}","templated":true}]}}