{"id":10213,"date":"2019-12-11T11:20:10","date_gmt":"2019-12-11T10:20:10","guid":{"rendered":"http:\/\/utemassan.se\/?page_id=10213"},"modified":"2025-09-17T08:28:19","modified_gmt":"2025-09-17T06:28:19","slug":"bokning-och-information","status":"publish","type":"page","link":"https:\/\/utemassan.se\/sv\/bokning-och-information\/","title":{"rendered":"Bokning &#038; information"},"content":{"rendered":"<div class=\"crane-section\"><div class=\"crane-container\"><div class=\"vc_row wpb_row vc_row-fluid\"><div class=\"wpb_column vc_column_container vc_col-sm-12\"><div class=\"vc_column-inner \"><div class=\"wpb_wrapper\"><\/div><\/div><\/div><\/div><\/div><\/div><div class=\"crane-section\"><div class=\"crane-background\" style=\"background-color: #ffffff;\"><\/div><div class=\"crane-container\"><div class=\"vc_row wpb_row vc_row-fluid\"><div class=\"wpb_column vc_column_container vc_col-sm-12\"><div class=\"vc_column-inner \"><div class=\"wpb_wrapper\"><div class=\"ult-spacer spacer-6a041cf282f87\" data-id=\"6a041cf282f87\" data-height=\"57\" data-height-mobile=\"57\" data-height-tab=\"57\" data-height-tab-portrait=\"\" data-height-mobile-landscape=\"\" style=\"clear:both;display:block;\"><\/div><\/div><\/div><\/div><\/div><\/div><\/div><section class=\"vc_section vc_custom_1576485199402 crane-container-fluid\"><div class=\"crane-background\" style=\"background-color: #ffffff;\"><\/div><div class=\"crane-section\"><div class=\"crane-container\"><div class=\"vc_row wpb_row vc_row-fluid\"><div class=\"wpb_column vc_column_container vc_col-sm-8\"><div class=\"vc_column-inner \"><div class=\"wpb_wrapper\"><h1 style=\"text-align: left\" class=\"vc_custom_heading wpb_animate_when_almost_visible wpb_fadeIn fadeIn\" >Utst\u00e4llarinformation (under uppdatering)<\/h1>\n\t<div class=\"wpb_text_column wpb_content_element \" >\n\t\t<div class=\"wpb_wrapper\">\n\t\t\t<p><strong>V\u00e4lkommen som utst\u00e4llare p\u00e5 Utem\u00e4ssan i Lycksele, 2026<\/strong><\/p>\n<p>Ansvarig f\u00f6r m\u00e4ssans utst\u00e4llare \u00e4r:<\/p>\n<p><strong>Magnus Ols\u00e9n<br \/>\nM\u00e4ssansvarig<\/strong><br \/>\nE-post: <span id=\"cloakcb994af275c59722b96f05316dea6d11\"><span id=\"cloak207c5e937f4627794cc06e5cb7e61864\"><a href=\"mailto:magnus@utemassan.se\">magnus@utemassan.se<\/a><\/span><\/span><br \/>\nTel: 070-668 58 11<\/p>\n<p class=\"p1\"><strong>Cajsa Ols\u00e9n<br \/>\nProjekt\/kundansvarig<br \/>\n<\/strong>E-post: <span class=\"s1\"><a href=\"mailto:cajsa@utemassan.se\">cajsa@utemassan.se<\/a><br \/>\n<\/span>Tel: 070-668 58 13<\/p>\n<p>Grundavgift inkl 230 v. 3000:-<br \/>\nKvadratmeterkostnad 300:-<br \/>\nF\u00f6ljande antal utst\u00e4llarpass ing\u00e5r i montern:<\/p>\n<p>0-9 kvm 2 utst\u00e4llarpass<br \/>\n10-18 kvm 4 utst\u00e4llarpass<br \/>\n18kvm- 5 utst\u00e4llarpass<\/p>\n<p>Extrapass kostar 120:- st<br \/>\nMoms tillkommer p\u00e5 alla priser<\/p>\n<p>230 Volt 300 watt samt P-tillst\u00e5nd ing\u00e5r i monterhyra<\/p>\n<p>OBS! Egen skarvsladd om minst 25 meter kr\u00e4vs f\u00f6r att anslutning skall kunna garanteras. Beh\u00f6ver du ytterligare str\u00f6m bokar du det som tillval n\u00e4r du g\u00f6r din anm\u00e4lan.<\/p>\n<p><strong>Anm\u00e4l dig som utst\u00e4llare:<\/strong><br \/>\n<a href=\"https:\/\/docs.google.com\/forms\/d\/1rHb6_9d8p3zAv6iVd5c72Th3Dn8wvwi9bbqw4LBFimE\/\" target=\"_blank\" rel=\"noopener noreferrer\">Anm\u00e4lan<\/a><\/p>\n<p><strong>Ladda ner Allm\u00e4nna best\u00e4mmelser:<\/strong><br \/>\nL\u00e4s igenom <a href=\"http:\/\/utemassan.se\/wp-content\/uploads\/2022\/12\/utemassan_allmanna-bestammelser.pdf\" target=\"_blank\" rel=\"noopener noreferrer\">Allm\u00e4nna villkor<\/a> f\u00f6r Utem\u00e4ssan i Lappland<\/p>\n<p>\u00c4r ni en hundklubb eller ideell f\u00f6rening?<br \/>\nL\u00e4s mer om Er medverkan p\u00e5 m\u00e4ssan <a href=\"http:\/\/utemassan.se\/hundutstallningar\/\">h\u00e4r<\/a>.<\/p>\n<p><strong>Beh\u00f6ver du skicka gods till Utem\u00e4ssan?<\/strong><\/p>\n<p>1. Innan ni skickar ert gods m\u00e5ste ni maila oss p\u00e5:<br \/>\ninfo@utemassan.se<br \/>\nMaila f\u00f6ljande information:<br \/>\nVad \u00e4r det f\u00f6r gods?<br \/>\nHur mycket i volym?<br \/>\nHur skickas godset?<br \/>\nGods f\u00e5r endast skickas efter att vi bekr\u00e4ftat ditt mail.<\/p>\n<p>2. Godset skall aviseras till:<br \/>\nUtem\u00e4ssan i Lappland \/ Gammplatsen<br \/>\n921 32 Lycksele<\/p>\n<p>3. Leveransadress \u00e4r<br \/>\nGammplatsen\/ Skogsmuseet<br \/>\nAtt. Magnus Ols\u00e9n<br \/>\n+46 70-668 58 11<br \/>\n921 32 Lycksele<\/p>\n<p>Viktigt att l\u00e4mna telefonnumret till din spedit\u00f6r s\u00e5 att vi kan ta emot ditt gods.<\/p>\n\n\t\t<\/div>\n\t<\/div>\n<\/div><\/div><\/div><div class=\"wpb_column vc_column_container vc_col-sm-4\"><div class=\"vc_column-inner \"><div class=\"wpb_wrapper\">\n\t<div  class=\"wpb_single_image wpb_content_element vc_align_center  wpb_animate_when_almost_visible wpb_fadeIn fadeIn vc_custom_1576066225898\">\n\t\t\n\t\t<figure class=\"wpb_wrapper vc_figure\">\n\t\t\t<div class=\"vc_single_image-wrapper vc_box_shadow  vc_box_border_grey\"><img fetchpriority=\"high\" decoding=\"async\" width=\"1920\" height=\"1080\" src=\"https:\/\/utemassan.se\/wp-content\/uploads\/2019\/12\/varfor-utemassan-2.jpg\" class=\"vc_single_image-img attachment-full\" alt=\"\" title=\"varfor-utemassan-2\" srcset=\"https:\/\/utemassan.se\/wp-content\/uploads\/2019\/12\/varfor-utemassan-2.jpg 1920w, https:\/\/utemassan.se\/wp-content\/uploads\/2019\/12\/varfor-utemassan-2-300x169.jpg 300w, https:\/\/utemassan.se\/wp-content\/uploads\/2019\/12\/varfor-utemassan-2-768x432.jpg 768w, https:\/\/utemassan.se\/wp-content\/uploads\/2019\/12\/varfor-utemassan-2-1024x576.jpg 1024w, https:\/\/utemassan.se\/wp-content\/uploads\/2019\/12\/varfor-utemassan-2-600x338.jpg 600w\" sizes=\"(max-width: 1920px) 100vw, 1920px\" \/><\/div>\n\t\t<\/figure>\n\t<\/div>\n\n\t<div  class=\"wpb_single_image wpb_content_element vc_align_center  wpb_animate_when_almost_visible wpb_fadeIn fadeIn vc_custom_1576066468087\">\n\t\t\n\t\t<figure class=\"wpb_wrapper vc_figure\">\n\t\t\t<div class=\"vc_single_image-wrapper vc_box_shadow  vc_box_border_grey\"><img decoding=\"async\" width=\"1200\" height=\"675\" src=\"https:\/\/utemassan.se\/wp-content\/uploads\/2019\/12\/varfor-utemassan-3.jpg\" class=\"vc_single_image-img attachment-full\" alt=\"\" title=\"varfor-utemassan-3\" srcset=\"https:\/\/utemassan.se\/wp-content\/uploads\/2019\/12\/varfor-utemassan-3.jpg 1200w, https:\/\/utemassan.se\/wp-content\/uploads\/2019\/12\/varfor-utemassan-3-300x169.jpg 300w, https:\/\/utemassan.se\/wp-content\/uploads\/2019\/12\/varfor-utemassan-3-768x432.jpg 768w, https:\/\/utemassan.se\/wp-content\/uploads\/2019\/12\/varfor-utemassan-3-1024x576.jpg 1024w, https:\/\/utemassan.se\/wp-content\/uploads\/2019\/12\/varfor-utemassan-3-600x338.jpg 600w\" sizes=\"(max-width: 1200px) 100vw, 1200px\" \/><\/div>\n\t\t<\/figure>\n\t<\/div>\n\n\t<div  class=\"wpb_single_image wpb_content_element vc_align_center  wpb_animate_when_almost_visible wpb_fadeIn fadeIn vc_custom_1576066678317\">\n\t\t\n\t\t<figure class=\"wpb_wrapper vc_figure\">\n\t\t\t<div class=\"vc_single_image-wrapper vc_box_shadow  vc_box_border_grey\"><img decoding=\"async\" width=\"1200\" height=\"675\" src=\"https:\/\/utemassan.se\/wp-content\/uploads\/2019\/12\/varfor-utemassan-4.jpg\" class=\"vc_single_image-img attachment-full\" alt=\"\" title=\"varfor-utemassan-4\" srcset=\"https:\/\/utemassan.se\/wp-content\/uploads\/2019\/12\/varfor-utemassan-4.jpg 1200w, https:\/\/utemassan.se\/wp-content\/uploads\/2019\/12\/varfor-utemassan-4-300x169.jpg 300w, https:\/\/utemassan.se\/wp-content\/uploads\/2019\/12\/varfor-utemassan-4-768x432.jpg 768w, https:\/\/utemassan.se\/wp-content\/uploads\/2019\/12\/varfor-utemassan-4-1024x576.jpg 1024w, https:\/\/utemassan.se\/wp-content\/uploads\/2019\/12\/varfor-utemassan-4-600x338.jpg 600w\" sizes=\"(max-width: 1200px) 100vw, 1200px\" \/><\/div>\n\t\t<\/figure>\n\t<\/div>\n<\/div><\/div><\/div><\/div><\/div><\/div><\/section><div class=\"crane-section\"><div class=\"crane-container\"><div class=\"vc_row wpb_row vc_row-fluid\"><div class=\"wpb_column vc_column_container vc_col-sm-12\"><div class=\"vc_column-inner \"><div class=\"wpb_wrapper\"><div class=\"ult-spacer spacer-6a041cf285d48\" data-id=\"6a041cf285d48\" data-height=\"90\" data-height-mobile=\"90\" data-height-tab=\"90\" data-height-tab-portrait=\"\" data-height-mobile-landscape=\"\" style=\"clear:both;display:block;\"><\/div><\/div><\/div><\/div><\/div><\/div><\/div><div class=\"crane-section\"><div class=\"crane-container\"><div class=\"vc_row wpb_row vc_row-fluid\"><div class=\"wpb_column vc_column_container vc_col-sm-12\"><div class=\"vc_column-inner \"><div class=\"wpb_wrapper\"><div id=\"ultimate-heading-31486a041cf285e63\" class=\"uvc-heading ult-adjust-bottom-margin ultimate-heading-31486a041cf285e63 uvc-3608 \" data-hspacer=\"no_spacer\"  data-halign=\"left\" style=\"text-align:left\"><div class=\"uvc-heading-spacer no_spacer\" style=\"top\"><\/div><div class=\"uvc-main-heading ult-responsive\"  data-ultimate-target='.uvc-heading.ultimate-heading-31486a041cf285e63 h2'  data-responsive-json-new='{\"font-size\":\"\",\"line-height\":\"\"}' ><h2 style=\"font-weight:normal;\">Vill du boka en plats p\u00e5 Utem\u00e4ssan? Skicka en intresseanm\u00e4lan s\u00e5 kontaktar vi dig!<\/h2><\/div><\/div><div class=\"ult-spacer spacer-6a041cf285e78\" data-id=\"6a041cf285e78\" data-height=\"40\" data-height-mobile=\"40\" data-height-tab=\"40\" data-height-tab-portrait=\"\" data-height-mobile-landscape=\"\" style=\"clear:both;display:block;\"><\/div><\/div><\/div><\/div><\/div><\/div><\/div><div class=\"crane-section\"><div class=\"crane-container\"><div class=\"vc_row wpb_row vc_row-fluid\"><div class=\"wpb_column vc_column_container vc_col-sm-12\"><div class=\"vc_column-inner \"><div class=\"wpb_wrapper\">\n<div class=\"wpcf7 no-js\" id=\"wpcf7-f9032-o1\" lang=\"sv-SE\" dir=\"ltr\">\n<div class=\"screen-reader-response\"><p role=\"status\" aria-live=\"polite\" aria-atomic=\"true\"><\/p> <ul><\/ul><\/div>\n<form action=\"\/sv\/wp-json\/wp\/v2\/pages\/10213#wpcf7-f9032-o1\" method=\"post\" class=\"wpcf7-form init\" aria-label=\"Kontaktformul\u00e4r\" novalidate=\"novalidate\" data-status=\"init\">\n<div style=\"display: none;\">\n<input type=\"hidden\" name=\"_wpcf7\" value=\"9032\" \/>\n<input type=\"hidden\" name=\"_wpcf7_version\" value=\"5.8.6\" \/>\n<input type=\"hidden\" name=\"_wpcf7_locale\" value=\"sv_SE\" \/>\n<input type=\"hidden\" name=\"_wpcf7_unit_tag\" value=\"wpcf7-f9032-o1\" \/>\n<input type=\"hidden\" name=\"_wpcf7_container_post\" value=\"0\" \/>\n<input type=\"hidden\" name=\"_wpcf7_posted_data_hash\" value=\"\" \/>\n<input type=\"hidden\" name=\"_wpcf7_recaptcha_response\" value=\"\" \/>\n<\/div>\n<p><label> Ditt namn (*)<br \/>\n<span class=\"wpcf7-form-control-wrap\" data-name=\"your-name\"><input size=\"40\" class=\"wpcf7-form-control wpcf7-text wpcf7-validates-as-required\" aria-required=\"true\" aria-invalid=\"false\" value=\"\" type=\"text\" name=\"your-name\" \/><\/span> <\/label>\n<\/p>\n<p><label> Din e-post (*)<br \/>\n<span class=\"wpcf7-form-control-wrap\" data-name=\"your-email\"><input size=\"40\" class=\"wpcf7-form-control wpcf7-email wpcf7-validates-as-required wpcf7-text wpcf7-validates-as-email\" aria-required=\"true\" aria-invalid=\"false\" value=\"\" type=\"email\" name=\"your-email\" \/><\/span> <\/label>\n<\/p>\n<p><label> Din telefon (*)<br \/>\n<span class=\"wpcf7-form-control-wrap\" data-name=\"tel-967\"><input size=\"40\" class=\"wpcf7-form-control wpcf7-tel wpcf7-text wpcf7-validates-as-tel\" aria-invalid=\"false\" value=\"\" type=\"tel\" name=\"tel-967\" \/><\/span> <\/label>\n<\/p>\n<p><span id=\"wpcf7-6a041cf286814-wrapper\" class=\"wpcf7-form-control-wrap website-url-wrap\" ><label for=\"website-url-input\" class=\"hp-message\">L\u00e4mna detta f\u00e4lt tomt.<\/label><input id=\"website-url-input\"  class=\"wpcf7-form-control wpcf7-text\" type=\"text\" name=\"website-url\" value=\"\" size=\"40\" tabindex=\"-1\" autocomplete=\"new-password\" \/><\/span>\n<\/p>\n<p><label> \u00c4mne<br \/>\n<span class=\"wpcf7-form-control-wrap\" data-name=\"your-subject\"><input size=\"40\" class=\"wpcf7-form-control wpcf7-text\" aria-invalid=\"false\" value=\"\" type=\"text\" name=\"your-subject\" \/><\/span> <\/label>\n<\/p>\n<p><label> Ditt meddelande<br \/>\n<span class=\"wpcf7-form-control-wrap\" data-name=\"your-message\"><textarea cols=\"40\" rows=\"10\" class=\"wpcf7-form-control wpcf7-textarea\" aria-invalid=\"false\" name=\"your-message\"><\/textarea><\/span> <\/label>\n<\/p>\n<p><input class=\"wpcf7-form-control wpcf7-submit has-spinner\" type=\"submit\" value=\"Skicka\" \/>\n<\/p>\n<p class=\"recaptcha-text\">* Formul\u00e4ret \u00e4r skyddat av reCAPTCHA fr\u00e5n <a href=\"https:\/\/policies.google.com\/terms\">Google<\/a>.\n<\/p><div class=\"wpcf7-response-output\" aria-hidden=\"true\"><\/div>\n<\/form>\n<\/div>\n<\/div><\/div><\/div><div class=\"wpb_column vc_column_container vc_col-sm-12\"><div class=\"vc_column-inner \"><div class=\"wpb_wrapper\"><div class=\"ult-spacer spacer-6a041cf286cb2\" data-id=\"6a041cf286cb2\" data-height=\"55\" data-height-mobile=\"55\" data-height-tab=\"55\" data-height-tab-portrait=\"\" data-height-mobile-landscape=\"\" style=\"clear:both;display:block;\"><\/div><\/div><\/div><\/div><\/div><\/div><\/div>\n","protected":false},"excerpt":{"rendered":"Utst\u00e4llarinformation (under uppdatering) V\u00e4lkommen som utst\u00e4llare p\u00e5 Utem\u00e4ssan i Lycksele, 2026 Ansvarig f\u00f6r m\u00e4ssans utst\u00e4llare \u00e4r: Magnus Ols\u00e9n M\u00e4ssansvarig E-post: magnus@utemassan.se Tel: 070-668 58 11 Cajsa Ols\u00e9n Projekt\/kundansvarig E-post: cajsa@utemassan.se Tel: 070-668 58 13 Grundavgift inkl 230 v. 3000:- Kvadratmeterkostnad 300:- F\u00f6ljande antal utst\u00e4llarpass ing\u00e5r i montern: 0-9 kvm 2 utst\u00e4llarpass 10-18 kvm 4 utst\u00e4llarpass ...","protected":false},"author":10,"featured_media":0,"parent":0,"menu_order":0,"comment_status":"closed","ping_status":"closed","template":"","meta":{"inline_featured_image":false,"footnotes":""},"_links":{"self":[{"href":"https:\/\/utemassan.se\/sv\/wp-json\/wp\/v2\/pages\/10213"}],"collection":[{"href":"https:\/\/utemassan.se\/sv\/wp-json\/wp\/v2\/pages"}],"about":[{"href":"https:\/\/utemassan.se\/sv\/wp-json\/wp\/v2\/types\/page"}],"author":[{"embeddable":true,"href":"https:\/\/utemassan.se\/sv\/wp-json\/wp\/v2\/users\/10"}],"replies":[{"embeddable":true,"href":"https:\/\/utemassan.se\/sv\/wp-json\/wp\/v2\/comments?post=10213"}],"version-history":[{"count":82,"href":"https:\/\/utemassan.se\/sv\/wp-json\/wp\/v2\/pages\/10213\/revisions"}],"predecessor-version":[{"id":11938,"href":"https:\/\/utemassan.se\/sv\/wp-json\/wp\/v2\/pages\/10213\/revisions\/11938"}],"wp:attachment":[{"href":"https:\/\/utemassan.se\/sv\/wp-json\/wp\/v2\/media?parent=10213"}],"curies":[{"name":"wp","href":"https:\/\/api.w.org\/{rel}","templated":true}]}}