{"id":10741,"date":"2020-01-13T14:48:29","date_gmt":"2020-01-13T13:48:29","guid":{"rendered":"http:\/\/utemassan.se\/?page_id=10741"},"modified":"2020-01-13T15:24:34","modified_gmt":"2020-01-13T14:24:34","slug":"anmalningsformular","status":"publish","type":"page","link":"https:\/\/utemassan.se\/fi\/anmalningsformular\/","title":{"rendered":"Anm\u00e4lningsformul\u00e4r"},"content":{"rendered":"<div class=\"crane-section\"><div class=\"crane-container\"><div class=\"vc_row wpb_row vc_row-fluid\"><div class=\"wpb_column vc_column_container vc_col-sm-12\"><div class=\"vc_column-inner\"><div class=\"wpb_wrapper\"><div class=\"ult-spacer spacer-6a0a1a8f743db\" data-id=\"6a0a1a8f743db\" data-height=\"80\" data-height-mobile=\"50\" data-height-tab=\"80\" data-height-tab-portrait=\"70\" data-height-mobile-landscape=\"50\" style=\"clear:both;display:block;\"><\/div><\/div><\/div><\/div><\/div><\/div><\/div><div class=\"crane-section\"><div class=\"crane-container\"><div class=\"vc_row wpb_row vc_row-fluid\"><div class=\"wpb_column vc_column_container vc_col-sm-8\"><div class=\"vc_column-inner\"><div class=\"wpb_wrapper\"><div id=\"ultimate-heading-79446a0a1a8f74612\" class=\"uvc-heading ult-adjust-bottom-margin ultimate-heading-79446a0a1a8f74612 uvc-9752\" data-hspacer=\"no_spacer\"  data-halign=\"left\" style=\"text-align:left\"><div class=\"uvc-heading-spacer no_spacer\" style=\"top\"><\/div><div class=\"uvc-main-heading ult-responsive\"  data-ultimate-target='.uvc-heading.ultimate-heading-79446a0a1a8f74612 h2'  data-responsive-json-new='{\"font-size\":\"\",\"line-height\":\"\"}' ><h2 style=\"font-weight:normal;\">Intresseanm\u00e4lan f\u00f6r utst\u00e4llare<\/h2><\/div><\/div><div id=\"uvc-type-wrap-4260\"  data-ultimate-target='#uvc-type-wrap-4260'  data-responsive-json-new='{\"font-size\":\"\",\"line-height\":\"\"}'  class=\"uvc-type-wrap  ult-adjust-bottom-margin ult-responsive  uvc-type-align-left uvc-type-no-prefix uvc-wrap-29189851046a0a1a8f7462f\" style=\"text-align:left;\"><span id=\"typed-29189851046a0a1a8f7462f\" class=\"ultimate-typed-main\" style=\" font-weight:normal; text-transform: unset;\"><\/span><script type=\"text\/javascript\"> \r\n\t\t\t\t\t\tjQuery(function($){ \r\n\t\t\t\t\t\t\t$(document).ready(function(){\r\n\t\t\t\t\t\t\t\tif( typeof jQuery(\"#typed-29189851046a0a1a8f7462f\").typed == \"function\"){\r\n\t\t\t\t\t\t\t\t\t$(\"#typed-29189851046a0a1a8f7462f\").typed({\r\n\t\t\t\t\t\t\t\t\t\tstrings: [\"* Formul\u00e4ret \u00e4r ej bindande p\u00e5 n\u00e5got s\u00e4tt\"],\r\n\t\t\t\t\t\t\t\t\t\ttypeSpeed: 35,\r\n\t\t\t\t\t\t\t\t\t\tbackSpeed: 0,\r\n\t\t\t\t\t\t\t\t\t\tstartDelay: 200,\r\n\t\t\t\t\t\t\t\t\t\tbackDelay: 1500,\r\n\t\t\t\t\t\t\t\t\t\tloop: false,\r\n\t\t\t\t\t\t\t\t\t\tloopCount: false,\r\n\t\t\t\t\t\t\t\t\t\tshowCursor: true,\r\n\t\t\t\t\t\t\t\t\t\tcursorChar: \"|\",\r\n\t\t\t\t\t\t\t\t\t\tattr: null\r\n\t\t\t\t\t\t\t\t\t});\r\n\t\t\t\t\t\t\t\t}\r\n\t\t\t\t\t\t\t});\r\n\t\t\t\t\t\t});\r\n\t\t\t\t\t<\/script><\/div><div class=\"ult-spacer spacer-6a0a1a8f74663\" data-id=\"6a0a1a8f74663\" data-height=\"40\" data-height-mobile=\"40\" data-height-tab=\"40\" data-height-tab-portrait=\"\" data-height-mobile-landscape=\"\" style=\"clear:both;display:block;\"><\/div>\n<div class=\"wpcf7 no-js\" id=\"wpcf7-f9032-o1\" lang=\"sv-SE\" dir=\"ltr\">\n<div class=\"screen-reader-response\"><p role=\"status\" aria-live=\"polite\" aria-atomic=\"true\"><\/p> <ul><\/ul><\/div>\n<form action=\"\/fi\/wp-json\/wp\/v2\/pages\/10741#wpcf7-f9032-o1\" method=\"post\" class=\"wpcf7-form init\" aria-label=\"Kontaktformul\u00e4r\" novalidate=\"novalidate\" data-status=\"init\" data-trp-original-action=\"\/fi\/wp-json\/wp\/v2\/pages\/10741#wpcf7-f9032-o1\">\n<div style=\"display: none;\">\n<input type=\"hidden\" name=\"_wpcf7\" value=\"9032\" \/>\n<input type=\"hidden\" name=\"_wpcf7_version\" value=\"5.8.6\" \/>\n<input type=\"hidden\" name=\"_wpcf7_locale\" value=\"sv_SE\" \/>\n<input type=\"hidden\" name=\"_wpcf7_unit_tag\" value=\"wpcf7-f9032-o1\" \/>\n<input type=\"hidden\" name=\"_wpcf7_container_post\" value=\"0\" \/>\n<input type=\"hidden\" name=\"_wpcf7_posted_data_hash\" value=\"\" \/>\n<input type=\"hidden\" name=\"_wpcf7_recaptcha_response\" value=\"\" \/>\n<\/div>\n<p><label> Nimesi (*)<br \/>\n<span class=\"wpcf7-form-control-wrap\" data-name=\"your-name\"><input size=\"40\" class=\"wpcf7-form-control wpcf7-text wpcf7-validates-as-required\" aria-required=\"true\" aria-invalid=\"false\" value=\"\" type=\"text\" name=\"your-name\" \/><\/span> <\/label>\n<\/p>\n<p><label> S\u00e4hk\u00f6postiosoitteesi (*)<br \/>\n<span class=\"wpcf7-form-control-wrap\" data-name=\"your-email\"><input size=\"40\" class=\"wpcf7-form-control wpcf7-email wpcf7-validates-as-required wpcf7-text wpcf7-validates-as-email\" aria-required=\"true\" aria-invalid=\"false\" value=\"\" type=\"email\" name=\"your-email\" \/><\/span> <\/label>\n<\/p>\n<p><label> Puhelimesi (*)<br \/>\n<span class=\"wpcf7-form-control-wrap\" data-name=\"tel-967\"><input size=\"40\" class=\"wpcf7-form-control wpcf7-tel wpcf7-text wpcf7-validates-as-tel\" aria-invalid=\"false\" value=\"\" type=\"tel\" name=\"tel-967\" \/><\/span> <\/label>\n<\/p>\n<p><span id=\"wpcf7-6a0a1a8f77169-wrapper\" class=\"wpcf7-form-control-wrap website-url-wrap\" ><label for=\"website-url-input\" class=\"hp-message\">L\u00e4mna detta f\u00e4lt tomt.<\/label><input id=\"website-url-input\"  class=\"wpcf7-form-control wpcf7-text\" type=\"text\" name=\"website-url\" value=\"\" size=\"40\" tabindex=\"-1\" autocomplete=\"new-password\" \/><\/span>\n<\/p>\n<p><label> Aihe<br \/>\n<span class=\"wpcf7-form-control-wrap\" data-name=\"your-subject\"><input size=\"40\" class=\"wpcf7-form-control wpcf7-text\" aria-invalid=\"false\" value=\"\" type=\"text\" name=\"your-subject\" \/><\/span> <\/label>\n<\/p>\n<p><label> Viestisi (vain ruotsi)<br \/>\n<span class=\"wpcf7-form-control-wrap\" data-name=\"your-message\"><textarea cols=\"40\" rows=\"10\" class=\"wpcf7-form-control wpcf7-textarea\" aria-invalid=\"false\" name=\"your-message\"><\/textarea><\/span> <\/label>\n<\/p>\n<p><input class=\"wpcf7-form-control wpcf7-submit has-spinner\" type=\"submit\" value=\"L\u00e4het\u00e4\" \/>\n<\/p>\n<p class=\"recaptcha-text\">* Formul\u00e4ret \u00e4r skyddat av reCAPTCHA fr\u00e5n <a href=\"https:\/\/policies.google.com\/terms\">Google<\/a>.\n<\/p><div class=\"wpcf7-response-output\" aria-hidden=\"true\"><\/div>\n<input type=\"hidden\" name=\"trp-form-language\" value=\"fi\"\/><\/form>\n<\/div>\n<div class=\"ult-spacer spacer-6a0a1a8f78b15\" data-id=\"6a0a1a8f78b15\" data-height=\"80\" data-height-mobile=\"50\" data-height-tab=\"\" data-height-tab-portrait=\"\" data-height-mobile-landscape=\"50\" style=\"clear:both;display:block;\"><\/div><\/div><\/div><\/div><div class=\"wpb_column vc_column_container vc_col-sm-4\"><div class=\"vc_column-inner\"><div class=\"wpb_wrapper\"><\/div><\/div><\/div><\/div><\/div><\/div>","protected":false},"excerpt":{"rendered":"Intresseanm\u00e4lan f\u00f6r utst\u00e4llare Ditt namn (*) Din e-post (*) Din telefon (*) L\u00e4mna detta f\u00e4lt tomt. \u00c4mne Ditt meddelande * Formul\u00e4ret \u00e4r skyddat av reCAPTCHA fr\u00e5n Google.","protected":false},"author":10,"featured_media":0,"parent":0,"menu_order":0,"comment_status":"closed","ping_status":"closed","template":"","meta":{"inline_featured_image":false,"footnotes":""},"_links":{"self":[{"href":"https:\/\/utemassan.se\/fi\/wp-json\/wp\/v2\/pages\/10741"}],"collection":[{"href":"https:\/\/utemassan.se\/fi\/wp-json\/wp\/v2\/pages"}],"about":[{"href":"https:\/\/utemassan.se\/fi\/wp-json\/wp\/v2\/types\/page"}],"author":[{"embeddable":true,"href":"https:\/\/utemassan.se\/fi\/wp-json\/wp\/v2\/users\/10"}],"replies":[{"embeddable":true,"href":"https:\/\/utemassan.se\/fi\/wp-json\/wp\/v2\/comments?post=10741"}],"version-history":[{"count":9,"href":"https:\/\/utemassan.se\/fi\/wp-json\/wp\/v2\/pages\/10741\/revisions"}],"predecessor-version":[{"id":10751,"href":"https:\/\/utemassan.se\/fi\/wp-json\/wp\/v2\/pages\/10741\/revisions\/10751"}],"wp:attachment":[{"href":"https:\/\/utemassan.se\/fi\/wp-json\/wp\/v2\/media?parent=10741"}],"curies":[{"name":"wp","href":"https:\/\/api.w.org\/{rel}","templated":true}]}}