{"id":10396,"date":"2019-12-17T08:50:57","date_gmt":"2019-12-17T07:50:57","guid":{"rendered":"http:\/\/utemassan.se\/?page_id=10396"},"modified":"2023-05-08T09:46:40","modified_gmt":"2023-05-08T07:46:40","slug":"restauranger-och-matstallen-i-lycksele","status":"publish","type":"page","link":"https:\/\/utemassan.se\/fi\/restauranger-och-matstallen-i-lycksele\/","title":{"rendered":"Restauranger &#038; matst\u00e4llen i Lycksele"},"content":{"rendered":"<div class=\"crane-section\"><div class=\"crane-container\"><div class=\"vc_row wpb_row vc_row-fluid\"><div class=\"wpb_column vc_column_container vc_col-sm-12\"><div class=\"vc_column-inner\"><div class=\"wpb_wrapper\"><\/div><\/div><\/div><\/div><\/div><\/div><section class=\"vc_section vc_custom_1576572742939 vc_section-o-content-middle vc_section-flex crane-container-fluid crane-container--no-padding\"><div class=\"crane-background\" style=\"background-color: #f8f8f8;\"><\/div><div class=\"crane-section\"><div class=\"crane-container\"><div class=\"vc_row wpb_row vc_row-fluid\"><div class=\"wpb_column vc_column_container vc_col-sm-12\"><div class=\"vc_column-inner\"><div class=\"wpb_wrapper\"><div id=\"ultimate-heading-39966a0a24bceec34\" class=\"uvc-heading ult-adjust-bottom-margin ultimate-heading-39966a0a24bceec34 uvc-6155\" data-hspacer=\"no_spacer\"  data-halign=\"left\" style=\"text-align:left\"><div class=\"uvc-heading-spacer no_spacer\" style=\"top\"><\/div><div class=\"uvc-main-heading ult-responsive\"  data-ultimate-target='.uvc-heading.ultimate-heading-39966a0a24bceec34 h2'  data-responsive-json-new='{\"font-size\":\"\",\"line-height\":\"\"}' ><h2 style=\"font-weight:normal;\">Vinkkej\u00e4 Lyckselen ja sen ymp\u00e4rist\u00f6jen ravintoloihin<\/h2><\/div><\/div><div class=\"ult-spacer spacer-6a0a24bceec4e\" data-id=\"6a0a24bceec4e\" data-height=\"60\" data-height-mobile=\"60\" data-height-tab=\"60\" data-height-tab-portrait=\"\" data-height-mobile-landscape=\"\" style=\"clear:both;display:block;\"><\/div><\/div><\/div><\/div><\/div><\/div><\/div><div class=\"crane-section\"><div class=\"crane-container\"><div class=\"vc_row wpb_row vc_row-fluid\"><div class=\"wpb_column vc_column_container vc_col-sm-4\"><div class=\"vc_column-inner\"><div class=\"wpb_wrapper\">\n\t<div  class=\"wpb_single_image wpb_content_element vc_align_center  wpb_animate_when_almost_visible wpb_fadeIn fadeIn vc_custom_1576585926520\">\n\t\t\n\t\t<figure class=\"wpb_wrapper vc_figure\">\n\t\t\t<a class=\"\" data-lightbox=\"lightbox[rel-10396-3818851813]\" href=\"https:\/\/utemassan.se\/wp-content\/uploads\/2019\/12\/restaurang_ansia-1024x576.jpg\" target=\"_self\"><img fetchpriority=\"high\" decoding=\"async\" width=\"1200\" height=\"675\" src=\"https:\/\/utemassan.se\/wp-content\/uploads\/2019\/12\/restaurang_ansia.jpg\" class=\"vc_single_image-img attachment-full\" alt=\"Restaurang Ansia\" title=\"Ravintola Ansia\" srcset=\"https:\/\/utemassan.se\/wp-content\/uploads\/2019\/12\/restaurang_ansia.jpg 1200w, https:\/\/utemassan.se\/wp-content\/uploads\/2019\/12\/restaurang_ansia-300x169.jpg 300w, https:\/\/utemassan.se\/wp-content\/uploads\/2019\/12\/restaurang_ansia-768x432.jpg 768w, https:\/\/utemassan.se\/wp-content\/uploads\/2019\/12\/restaurang_ansia-1024x576.jpg 1024w, https:\/\/utemassan.se\/wp-content\/uploads\/2019\/12\/restaurang_ansia-600x338.jpg 600w\" sizes=\"(max-width: 1200px) 100vw, 1200px\" \/><\/a>\n\t\t<\/figure>\n\t<\/div>\n\n\t<div class=\"wpb_raw_code wpb_content_element wpb_raw_html vc_custom_1576586538729\" >\n\t\t<div class=\"wpb_wrapper\">\n\t\t\t<h4>Ravintola Ansia<\/h4>\n\n- Kauniilla paikalla Ume-jokea pitkin<br>\n- Pit\u00e4\u00e4 175 ihmist\u00e4<br>\n- Korkeat katot ja mukava sisustus \"Skogsk\u00e5tanissa\"<br><br>\n\n<a href=\"https:\/\/www.ansia.se\/mat\/restaurang-ansia\" target=\"_blank\" rel=\"noopener noreferrer\"><strong>Siirry verkkosivustolle<\/strong><\/a><strong>\n<\/strong>\n\t\t<\/div>\n\t<\/div>\n<div class=\"ult-spacer spacer-6a0a24bcefa76\" data-id=\"6a0a24bcefa76\" data-height=\"90\" data-height-mobile=\"40\" data-height-tab=\"\" data-height-tab-portrait=\"\" data-height-mobile-landscape=\"40\" style=\"clear:both;display:block;\"><\/div><\/div><\/div><\/div><div class=\"wpb_column vc_column_container vc_col-sm-4\"><div class=\"vc_column-inner\"><div class=\"wpb_wrapper\">\n\t<div  class=\"wpb_single_image wpb_content_element vc_align_center  wpb_animate_when_almost_visible wpb_fadeIn fadeIn vc_custom_1576586500820\">\n\t\t\n\t\t<figure class=\"wpb_wrapper vc_figure\">\n\t\t\t<a class=\"\" data-lightbox=\"lightbox[rel-10396-2547221598]\" href=\"https:\/\/utemassan.se\/wp-content\/uploads\/2019\/12\/64-grader-1024x573.jpg\" target=\"_self\"><img decoding=\"async\" width=\"1200\" height=\"672\" src=\"https:\/\/utemassan.se\/wp-content\/uploads\/2019\/12\/64-grader.jpg\" class=\"vc_single_image-img attachment-full\" alt=\"Restaurang 64-grader\" title=\"Restaurang 64-grader\" srcset=\"https:\/\/utemassan.se\/wp-content\/uploads\/2019\/12\/64-grader.jpg 1200w, https:\/\/utemassan.se\/wp-content\/uploads\/2019\/12\/64-grader-300x168.jpg 300w, https:\/\/utemassan.se\/wp-content\/uploads\/2019\/12\/64-grader-768x430.jpg 768w, https:\/\/utemassan.se\/wp-content\/uploads\/2019\/12\/64-grader-1024x573.jpg 1024w, https:\/\/utemassan.se\/wp-content\/uploads\/2019\/12\/64-grader-600x336.jpg 600w\" sizes=\"(max-width: 1200px) 100vw, 1200px\" \/><\/a>\n\t\t<\/figure>\n\t<\/div>\n\n\t<div class=\"wpb_raw_code wpb_content_element wpb_raw_html vc_custom_1683531845550\" >\n\t\t<div class=\"wpb_wrapper\">\n\t\t\t<h4>Ravintola 64 grader<\/h4>\n\n- Lapin paikallisesti tuotetut raaka-aineet<br>\n- Ainutlaatuinen ymp\u00e4rist\u00f6<br>\n- Viinit kaikkialta maailmasta<br><br>\n\n<a href=\"https:\/\/www.hotelllappland.se\/restaurang-64\" target=\"_blank\" rel=\"noopener noreferrer\"><strong>Siirry verkkosivustolle<\/strong><\/a><strong>\n<\/strong>\n\t\t<\/div>\n\t<\/div>\n<div class=\"ult-spacer spacer-6a0a24bcefd66\" data-id=\"6a0a24bcefd66\" data-height=\"90\" data-height-mobile=\"40\" data-height-tab=\"\" data-height-tab-portrait=\"\" data-height-mobile-landscape=\"40\" style=\"clear:both;display:block;\"><\/div><\/div><\/div><\/div><div class=\"wpb_column vc_column_container vc_col-sm-4\"><div class=\"vc_column-inner\"><div class=\"wpb_wrapper\">\n\t<div  class=\"wpb_single_image wpb_content_element vc_align_center  wpb_animate_when_almost_visible wpb_fadeIn fadeIn vc_custom_1576587198364\">\n\t\t\n\t\t<figure class=\"wpb_wrapper vc_figure\">\n\t\t\t<a class=\"\" data-lightbox=\"lightbox[rel-10396-2179443083]\" href=\"https:\/\/utemassan.se\/wp-content\/uploads\/2019\/12\/frasses-1024x576.jpg\" target=\"_self\"><img decoding=\"async\" width=\"1920\" height=\"1080\" src=\"https:\/\/utemassan.se\/wp-content\/uploads\/2019\/12\/frasses.jpg\" class=\"vc_single_image-img attachment-full\" alt=\"Frasses i Lycksele\" title=\"Frasses i Lycksele\" srcset=\"https:\/\/utemassan.se\/wp-content\/uploads\/2019\/12\/frasses.jpg 1920w, https:\/\/utemassan.se\/wp-content\/uploads\/2019\/12\/frasses-300x169.jpg 300w, https:\/\/utemassan.se\/wp-content\/uploads\/2019\/12\/frasses-768x432.jpg 768w, https:\/\/utemassan.se\/wp-content\/uploads\/2019\/12\/frasses-1024x576.jpg 1024w, https:\/\/utemassan.se\/wp-content\/uploads\/2019\/12\/frasses-600x338.jpg 600w\" sizes=\"(max-width: 1920px) 100vw, 1920px\" \/><\/a>\n\t\t<\/figure>\n\t<\/div>\n\n\t<div class=\"wpb_raw_code wpb_content_element wpb_raw_html vc_custom_1576589547604\" >\n\t\t<div class=\"wpb_wrapper\">\n\t\t\t<h4>Frasses<\/h4>\n\n- Pohjoismainen hampurilainen ketju<br>\n- Esitteli \"ateria\" Ruotsiin<br>\n- Ainutlaatuinen niiden nauhojen mausteiden kanssa<br><br>\n\n<a href=\"http:\/\/frasses.se\/#!\/restauranger\/lycksele\/250\" target=\"_blank\" rel=\"noopener noreferrer\"><strong>Siirry verkkosivustolle<\/strong><\/a><strong>\n<\/strong>\n\t\t<\/div>\n\t<\/div>\n<div class=\"ult-spacer spacer-6a0a24bcf003f\" data-id=\"6a0a24bcf003f\" data-height=\"90\" data-height-mobile=\"40\" data-height-tab=\"\" data-height-tab-portrait=\"\" data-height-mobile-landscape=\"40\" style=\"clear:both;display:block;\"><\/div><\/div><\/div><\/div><\/div><\/div><\/div><div class=\"crane-section\"><div class=\"crane-container\"><div class=\"vc_row wpb_row vc_row-fluid\"><div class=\"wpb_column vc_column_container vc_col-sm-4\"><div class=\"vc_column-inner\"><div class=\"wpb_wrapper\">\n\t<div  class=\"wpb_single_image wpb_content_element vc_align_center  wpb_animate_when_almost_visible wpb_fadeIn fadeIn vc_custom_1649588107293\">\n\t\t\n\t\t<figure class=\"wpb_wrapper vc_figure\">\n\t\t\t<a class=\"\" data-lightbox=\"lightbox[rel-10396-3538132267]\" href=\"https:\/\/utemassan.se\/wp-content\/uploads\/2022\/04\/stadska\u0308llarn-stor-1024x576.png\" target=\"_self\"><img loading=\"lazy\" decoding=\"async\" class=\"vc_single_image-img\" src=\"https:\/\/utemassan.se\/wp-content\/uploads\/2022\/04\/stadska\u0308llarn-stor-1200x675.png\" width=\"1200\" height=\"675\" alt=\"stadska\u0308llarn stor\" title=\"stadska\u0308llarn stor\" \/><\/a>\n\t\t<\/figure>\n\t<\/div>\n\n\t<div class=\"wpb_raw_code wpb_content_element wpb_raw_html vc_custom_1649586926595\" >\n\t\t<div class=\"wpb_wrapper\">\n\t\t\t<h4>Stadsk\u00e4llaren<\/h4>\n\n- centralt bel\u00e4get i Lycksele<br>\n- Lapsiyst\u00e4v\u00e4llinen<br>\n- a\u00b4la carte meny, drinkar & kaffe<br><br>\n\n<a href=\"https:\/\/www.stadskallarenlycksele.se\/\" target=\"_blank\" rel=\"noopener noreferrer\"><strong>Siirry verkkosivustolle<\/strong><\/a><strong>\n<\/strong>\n\t\t<\/div>\n\t<\/div>\n<div class=\"ult-spacer spacer-6a0a24bcf1ee7\" data-id=\"6a0a24bcf1ee7\" data-height=\"90\" data-height-mobile=\"40\" data-height-tab=\"\" data-height-tab-portrait=\"\" data-height-mobile-landscape=\"40\" style=\"clear:both;display:block;\"><\/div><\/div><\/div><\/div><div class=\"wpb_column vc_column_container vc_col-sm-4\"><div class=\"vc_column-inner\"><div class=\"wpb_wrapper\">\n\t<div  class=\"wpb_single_image wpb_content_element vc_align_center  wpb_animate_when_almost_visible wpb_fadeIn fadeIn vc_custom_1576590454451\">\n\t\t\n\t\t<figure class=\"wpb_wrapper vc_figure\">\n\t\t\t<a class=\"\" data-lightbox=\"lightbox[rel-10396-2256698257]\" href=\"https:\/\/utemassan.se\/wp-content\/uploads\/2019\/12\/great-eastern-lycksele-1024x576.jpg\" target=\"_self\"><img loading=\"lazy\" decoding=\"async\" width=\"1600\" height=\"900\" src=\"https:\/\/utemassan.se\/wp-content\/uploads\/2019\/12\/great-eastern-lycksele.jpg\" class=\"vc_single_image-img attachment-full\" alt=\"Great Eastern Lycksele\" title=\"Great Eastern Lycksele\" srcset=\"https:\/\/utemassan.se\/wp-content\/uploads\/2019\/12\/great-eastern-lycksele.jpg 1600w, https:\/\/utemassan.se\/wp-content\/uploads\/2019\/12\/great-eastern-lycksele-300x169.jpg 300w, https:\/\/utemassan.se\/wp-content\/uploads\/2019\/12\/great-eastern-lycksele-768x432.jpg 768w, https:\/\/utemassan.se\/wp-content\/uploads\/2019\/12\/great-eastern-lycksele-1024x576.jpg 1024w, https:\/\/utemassan.se\/wp-content\/uploads\/2019\/12\/great-eastern-lycksele-600x338.jpg 600w\" sizes=\"(max-width: 1600px) 100vw, 1600px\" \/><\/a>\n\t\t<\/figure>\n\t<\/div>\n\n\t<div class=\"wpb_raw_code wpb_content_element wpb_raw_html vc_custom_1683531863654\" >\n\t\t<div class=\"wpb_wrapper\">\n\t\t\t<h4>Great Eastern<\/h4>\n\n- Kiinalainen ravintola<br>\n- Cantonese, Hakka, Szechwan m.m.<br>\n- Lounas ja \u00e0 la carte<br><br>\n\n<a href=\"http:\/\/greateastern.se\/restauranger\/\" target=\"_blank\" rel=\"noopener noreferrer\"><strong>Siirry verkkosivustolle<\/strong><\/a><strong>\n<\/strong>\n\t\t<\/div>\n\t<\/div>\n<div class=\"ult-spacer spacer-6a0a24bcf25f5\" data-id=\"6a0a24bcf25f5\" data-height=\"90\" data-height-mobile=\"40\" data-height-tab=\"\" data-height-tab-portrait=\"\" data-height-mobile-landscape=\"40\" style=\"clear:both;display:block;\"><\/div><\/div><\/div><\/div><div class=\"wpb_column vc_column_container vc_col-sm-4\"><div class=\"vc_column-inner\"><div class=\"wpb_wrapper\">\n\t<div  class=\"wpb_single_image wpb_content_element vc_align_center  wpb_animate_when_almost_visible wpb_fadeIn fadeIn vc_custom_1576589425205\">\n\t\t\n\t\t<figure class=\"wpb_wrapper vc_figure\">\n\t\t\t<a class=\"\" data-lightbox=\"lightbox[rel-10396-2616901857]\" href=\"https:\/\/utemassan.se\/wp-content\/uploads\/2019\/12\/Sibylla.png\" target=\"_self\"><img loading=\"lazy\" decoding=\"async\" width=\"700\" height=\"394\" src=\"https:\/\/utemassan.se\/wp-content\/uploads\/2019\/12\/Sibylla.png\" class=\"vc_single_image-img attachment-full\" alt=\"\" title=\"Sibylla\" srcset=\"https:\/\/utemassan.se\/wp-content\/uploads\/2019\/12\/Sibylla.png 700w, https:\/\/utemassan.se\/wp-content\/uploads\/2019\/12\/Sibylla-300x169.png 300w, https:\/\/utemassan.se\/wp-content\/uploads\/2019\/12\/Sibylla-600x338.png 600w\" sizes=\"(max-width: 700px) 100vw, 700px\" \/><\/a>\n\t\t<\/figure>\n\t<\/div>\n\n\t<div class=\"wpb_raw_code wpb_content_element wpb_raw_html vc_custom_1683531878341\" >\n\t\t<div class=\"wpb_wrapper\">\n\t\t\t<h4>Sibylla<\/h4>\n\n- Vuonna 1932 tarjoiltiin ensimm\u00e4inen Sibylla-makkara<br>\n- Hyv\u00e4 maku, korkea laatu ja tyytyv\u00e4iset asiakkaat<br>\n- Pikaruoka jokaiseen makuun<br><br>\n\n<a href=\"https:\/\/www.sibylla.se\/\" target=\"_blank\" rel=\"noopener noreferrer\"><strong>Siirry verkkosivustolle<\/strong><\/a><strong>\n<\/strong>\n\t\t<\/div>\n\t<\/div>\n<div class=\"ult-spacer spacer-6a0a24bcf2d24\" data-id=\"6a0a24bcf2d24\" data-height=\"90\" data-height-mobile=\"40\" data-height-tab=\"\" data-height-tab-portrait=\"\" data-height-mobile-landscape=\"40\" style=\"clear:both;display:block;\"><\/div><\/div><\/div><\/div><\/div><\/div><\/div><div class=\"crane-section\"><div class=\"crane-container\"><div class=\"vc_row wpb_row vc_row-fluid\"><div class=\"wpb_column vc_column_container vc_col-sm-4\"><div class=\"vc_column-inner\"><div class=\"wpb_wrapper\">\n\t<div  class=\"wpb_single_image wpb_content_element vc_align_center  wpb_animate_when_almost_visible wpb_fadeIn fadeIn vc_custom_1576590403791\">\n\t\t\n\t\t<figure class=\"wpb_wrapper vc_figure\">\n\t\t\t<a class=\"\" data-lightbox=\"lightbox[rel-10396-3921957304]\" href=\"https:\/\/utemassan.se\/wp-content\/uploads\/2019\/12\/363an-1024x576.jpg\" target=\"_self\"><img loading=\"lazy\" decoding=\"async\" width=\"1200\" height=\"675\" src=\"https:\/\/utemassan.se\/wp-content\/uploads\/2019\/12\/363an.jpg\" class=\"vc_single_image-img attachment-full\" alt=\"\" title=\"363an\" srcset=\"https:\/\/utemassan.se\/wp-content\/uploads\/2019\/12\/363an.jpg 1200w, https:\/\/utemassan.se\/wp-content\/uploads\/2019\/12\/363an-300x169.jpg 300w, https:\/\/utemassan.se\/wp-content\/uploads\/2019\/12\/363an-768x432.jpg 768w, https:\/\/utemassan.se\/wp-content\/uploads\/2019\/12\/363an-1024x576.jpg 1024w, https:\/\/utemassan.se\/wp-content\/uploads\/2019\/12\/363an-600x338.jpg 600w\" sizes=\"(max-width: 1200px) 100vw, 1200px\" \/><\/a>\n\t\t<\/figure>\n\t<\/div>\n\n\t<div class=\"wpb_raw_code wpb_content_element wpb_raw_html vc_custom_1683531903998\" >\n\t\t<div class=\"wpb_wrapper\">\n\t\t\t<h4>Ravintola 363:an<\/h4>\n\n- Ruskselen kyl\u00e4ss\u00e4 kauniin Vindel\u00e4lvenin luona<br>\n- Hyv\u00e4 kotitekoinen lounas tai illallinen<br>\n- Paikallisesti tuotetut tuotteet ja raaka-aineet<br><br>\n\n<a href=\"https:\/\/www.facebook.com\/Restaurang363\/?locale=sv_SE\" target=\"_blank\" rel=\"noopener noreferrer\"><strong>Siirry verkkosivustolle<\/strong><\/a><strong>\n<\/strong>\n\t\t<\/div>\n\t<\/div>\n<div class=\"ult-spacer spacer-6a0a24bcf31f5\" data-id=\"6a0a24bcf31f5\" data-height=\"90\" data-height-mobile=\"40\" data-height-tab=\"\" data-height-tab-portrait=\"\" data-height-mobile-landscape=\"40\" style=\"clear:both;display:block;\"><\/div><\/div><\/div><\/div><div class=\"wpb_column vc_column_container vc_col-sm-4\"><div class=\"vc_column-inner\"><div class=\"wpb_wrapper\">\n\t<div  class=\"wpb_single_image wpb_content_element vc_align_center  wpb_animate_when_almost_visible wpb_fadeIn fadeIn vc_custom_1649588375126\">\n\t\t\n\t\t<figure class=\"wpb_wrapper vc_figure\">\n\t\t\t<a class=\"\" data-lightbox=\"lightbox[rel-10396-2793727999]\" href=\"https:\/\/utemassan.se\/wp-content\/uploads\/2022\/04\/Olearys_illustration_16_9-1024x576.jpeg\" target=\"_self\"><img loading=\"lazy\" decoding=\"async\" width=\"1400\" height=\"788\" src=\"https:\/\/utemassan.se\/wp-content\/uploads\/2022\/04\/Olearys_illustration_16_9.jpeg\" class=\"vc_single_image-img attachment-full\" alt=\"\" title=\"Olearys_illustration_16_9\" srcset=\"https:\/\/utemassan.se\/wp-content\/uploads\/2022\/04\/Olearys_illustration_16_9.jpeg 1400w, https:\/\/utemassan.se\/wp-content\/uploads\/2022\/04\/Olearys_illustration_16_9-300x169.jpeg 300w, https:\/\/utemassan.se\/wp-content\/uploads\/2022\/04\/Olearys_illustration_16_9-1024x576.jpeg 1024w, https:\/\/utemassan.se\/wp-content\/uploads\/2022\/04\/Olearys_illustration_16_9-768x432.jpeg 768w\" sizes=\"(max-width: 1400px) 100vw, 1400px\" \/><\/a>\n\t\t<\/figure>\n\t<\/div>\n\n\t<div class=\"wpb_raw_code wpb_content_element wpb_raw_html vc_custom_1683531967449\" >\n\t\t<div class=\"wpb_wrapper\">\n\t\t\t<h4>O'LEARYS<\/h4>\n\n- Sportbar<br>\n- Ett stenkast fr\u00e5n Hotell Lappland<br>\n-Hamburgare, Nachos, BBQ Ribs <br><br>\n\n<a href=\"https:\/\/olearys.se\/lycksele\/\" target=\"_blank\" rel=\"noopener noreferrer\">\n<strong>Siirry verkkosivustolle<\/strong><\/a><strong>\n<\/strong>\n\t\t<\/div>\n\t<\/div>\n<div class=\"ult-spacer spacer-6a0a24bcf3470\" data-id=\"6a0a24bcf3470\" data-height=\"90\" data-height-mobile=\"40\" data-height-tab=\"\" data-height-tab-portrait=\"\" data-height-mobile-landscape=\"40\" style=\"clear:both;display:block;\"><\/div><\/div><\/div><\/div><\/div><\/div><\/div><\/section><div class=\"crane-section\"><div class=\"crane-container\"><div class=\"vc_row wpb_row vc_row-fluid\"><div class=\"wpb_column vc_column_container vc_col-sm-12\"><div class=\"vc_column-inner\"><div class=\"wpb_wrapper\"><div class=\"ult-spacer spacer-6a0a24bcf35d1\" data-id=\"6a0a24bcf35d1\" data-height=\"80\" data-height-mobile=\"80\" data-height-tab=\"80\" data-height-tab-portrait=\"\" data-height-mobile-landscape=\"\" style=\"clear:both;display:block;\"><\/div><\/div><\/div><\/div><\/div><\/div><\/div>","protected":false},"excerpt":{"rendered":"Tips p\u00e5 restauranger i Lycksele med omnejd Restaurang Ansia - Vackert bel\u00e4get utmed Ume\u00e4lven - Rymmer 175 personer - H\u00f6gt i tak & fin inredning i \"Skogsk\u00e5tan\" G\u00e5 till hemsida Restaurang 64 grader - N\u00e4rproducerade r\u00e5varor fr\u00e5n Lappland - Unik milj\u00f6 - Viner fr\u00e5n hela v\u00e4rlden G\u00e5 till hemsida Frasses - Norrl\u00e4ndsk hamburgerkedja - Introducerade ...","protected":false},"author":10,"featured_media":0,"parent":0,"menu_order":0,"comment_status":"closed","ping_status":"closed","template":"","meta":{"inline_featured_image":false,"footnotes":""},"_links":{"self":[{"href":"https:\/\/utemassan.se\/fi\/wp-json\/wp\/v2\/pages\/10396"}],"collection":[{"href":"https:\/\/utemassan.se\/fi\/wp-json\/wp\/v2\/pages"}],"about":[{"href":"https:\/\/utemassan.se\/fi\/wp-json\/wp\/v2\/types\/page"}],"author":[{"embeddable":true,"href":"https:\/\/utemassan.se\/fi\/wp-json\/wp\/v2\/users\/10"}],"replies":[{"embeddable":true,"href":"https:\/\/utemassan.se\/fi\/wp-json\/wp\/v2\/comments?post=10396"}],"version-history":[{"count":33,"href":"https:\/\/utemassan.se\/fi\/wp-json\/wp\/v2\/pages\/10396\/revisions"}],"predecessor-version":[{"id":11538,"href":"https:\/\/utemassan.se\/fi\/wp-json\/wp\/v2\/pages\/10396\/revisions\/11538"}],"wp:attachment":[{"href":"https:\/\/utemassan.se\/fi\/wp-json\/wp\/v2\/media?parent=10396"}],"curies":[{"name":"wp","href":"https:\/\/api.w.org\/{rel}","templated":true}]}}