{"id":10348,"date":"2019-12-16T14:07:43","date_gmt":"2019-12-16T13:07:43","guid":{"rendered":"http:\/\/utemassan.se\/?page_id=10348"},"modified":"2023-06-16T09:28:02","modified_gmt":"2023-06-16T07:28:02","slug":"hitta-till-utemassan","status":"publish","type":"page","link":"https:\/\/utemassan.se\/fi\/hitta-till-utemassan\/","title":{"rendered":"L\u00f6yd\u00e4 ulkomessuille"},"content":{"rendered":"<div class=\"crane-section\"><div class=\"crane-container\"><div class=\"vc_row wpb_row vc_row-fluid\"><div class=\"wpb_column vc_column_container vc_col-sm-12\"><div class=\"vc_column-inner\"><div class=\"wpb_wrapper\"><\/div><\/div><\/div><\/div><\/div><\/div><div class=\"crane-section\"><div class=\"crane-background\" style=\"background-color: #ffffff;\"><\/div><div class=\"crane-container\"><div class=\"vc_row wpb_row vc_row-fluid\"><div class=\"wpb_column vc_column_container vc_col-sm-12\"><div class=\"vc_column-inner\"><div class=\"wpb_wrapper\"><div class=\"ult-spacer spacer-6a0a25ccf2ad3\" data-id=\"6a0a25ccf2ad3\" data-height=\"57\" data-height-mobile=\"57\" data-height-tab=\"57\" data-height-tab-portrait=\"\" data-height-mobile-landscape=\"\" style=\"clear:both;display:block;\"><\/div><\/div><\/div><\/div><\/div><\/div><\/div><section class=\"vc_section vc_custom_1576485199402 crane-container-fluid\"><div class=\"crane-background\" style=\"background-color: #ffffff;\"><\/div><div class=\"crane-section\"><div class=\"crane-container\"><div class=\"vc_row wpb_row vc_row-fluid\"><div class=\"wpb_column vc_column_container vc_col-sm-8\"><div class=\"vc_column-inner\"><div class=\"wpb_wrapper\"><h1 style=\"text-align: left\" class=\"vc_custom_heading wpb_animate_when_almost_visible wpb_fadeIn fadeIn\" >Ohjeet<\/h1>\n\t<div class=\"wpb_text_column wpb_content_element  wpb_animate_when_almost_visible wpb_fadeIn fadeIn\" >\n\t\t<div class=\"wpb_wrapper\">\n\t\t\t<h2>Matkustaa t\u00e4nne<\/h2>\n<h3 style=\"color: #61bc1f;\">Lent\u00e4\u00e4 meihin<\/h3>\n<p>Lyckselen lentokentt\u00e4: Lyckselen lentokent\u00e4ll\u00e4 voit laskeutua suoraan Lappiin, joka vie sinut Arlandaan ja sielt\u00e4 7 p\u00e4iv\u00e4\u00e4 viikossa.<\/p>\n<p>L\u00e4heiset lentokent\u00e4t<br \/>\nLyckseleen on my\u00f6s mahdollista p\u00e4\u00e4st\u00e4 lentokent\u00e4n kautta Uumajassa ja Skellefte\u00e5ssa. Lentokent\u00e4lt\u00e4 matkustat autolla, taksilla, bussilla tai junalla.<\/p>\n<h3 style=\"color: #61bc1f;\">Ota lautta Suomesta<\/h3>\n<p>Suomalaisesta Vaasasta vie Wasaline Uumajaan ja matka kest\u00e4\u00e4 vain nelj\u00e4 tuntia Kvarkenin yli. Uumajasta matkustat autolla, taksilla, bussilla tai junalla.<\/p>\n<h3 style=\"color: #61bc1f;\">VARAA JUNA LAPPLANDiin<\/h3>\n<p>Lyckseleen on helppo ja k\u00e4tev\u00e4 harjoittaa. \u00c4skett\u00e4in rakennetun Botniabananin kanssa Tukholman ja Uumajan v\u00e4lill\u00e4 Norrt\u00e5gin kanssa on yhteydet Lyckseleen.<\/p>\n<h3 style=\"color: #61bc1f;\">Ota bussi<\/h3>\n<p>Monet linja-autot kulkevat Lyckseleen ja suurin osa linjoista l\u00f6ytyy L\u00e4nstrafiken-verkkosivustolta. Voit my\u00f6s menn\u00e4 bussilla Tukholmasta Uumajaan Y-linja-autolla ja jatkaa sitten Lyckseleen L\u00e4nstrafiken-linjoilla.<\/p>\n<h3 style=\"color: #61bc1f;\">VUOKRAA AUTO<\/h3>\n<p>N\u00e4r du anl\u00e4nder till Lycksele kan det vara smidigt att ta en hyrbil. Ett s\u00e4tt att ta sig ut i omgivningarna och utforska v\u00e5ra \u00f6ppna landskap och v\u00e5ra bes\u00f6ksm\u00e5l.<\/p>\n<h3 style=\"color: #61bc1f;\">RINGBIL<\/h3>\n<p>Jotkut reitit eiv\u00e4t palvele bussilla m\u00e4\u00e4r\u00e4paikassa, mutta monta kertaa on mahdollista varata keh\u00e4auto. T\u00e4m\u00e4 on L\u00e4nstrafikenin tarjoama palvelu, ja keh\u00e4autot kulkevat aivan kuten bussit tiettyjen matkojen ja aikataulujen mukaan, mutta toisin kuin linja-autot on varattava v\u00e4hint\u00e4\u00e4n p\u00e4iv\u00e4 ennen l\u00e4ht\u00f6\u00e4. Lis\u00e4tietoja t\u00e4\u00e4lt\u00e4.<\/p>\n<h2>Paikalliset ohjeet<\/h2>\n<h3 style=\"color: #61bc1f;\">E12 - Uumajasta<\/h3>\n<p>Aja E12 sillan yli, k\u00e4\u00e4nny oikealle sillan j\u00e4lkeen olevasta liikenneympyr\u00e4st\u00e4 ja pid\u00e4 Hedlundav\u00e4gen noin 2 km.<\/p>\n<h3 style=\"color: #61bc1f;\">E12 - Storumanilta<\/h3>\n<p>Aja E12 ja k\u00e4\u00e4nny vasemmalle Gammplatseniin noin 2 km ennen Umejoen ylitt\u00e4v\u00e4\u00e4 suurta siltaa.<\/p>\n<h3 style=\"color: #61bc1f;\">Tie 365 - Skellefte\u00e5sta<\/h3>\n<p>Ota tie 365 sillan yli, k\u00e4\u00e4nny oikealle sillan j\u00e4lkeen olevasta liikenneympyr\u00e4st\u00e4 ja pid\u00e4 tie E12 \/ Sininen noin 2 km.<\/p>\n<p>Se on merkitty E12: lt\u00e4, Bl\u00e5 V\u00e4gen<\/p>\n<h2><span class=\"\">Lue lis\u00e4\u00e4 aiheesta<\/span><span class=\"\"> Lycks<\/span><span class=\"\">ele<\/span><\/h2>\n<div class=\"\"><span class=\"\"><a class=\"\" href=\"http:\/\/visitlycksele.se\" target=\"_blank\" rel=\"noopener noreferrer\">visitlycksele.se<\/a><\/span><\/div>\n<div class=\"\"><span class=\"\"><a class=\"\" href=\"http:\/\/www.lycksele.se\/\" target=\"_blank\" rel=\"noopener noreferrer\">lyckselekommun.se<\/a><\/span><\/div>\n<div class=\"\"><span class=\"\"><a class=\"\" href=\"http:\/\/gammplatsen.se\" target=\"_blank\" rel=\"noopener noreferrer\">gammplatsen.se<\/a><\/span><\/div>\n<div class=\"\"><span class=\"\"><a class=\"\" href=\"https:\/\/www.wasaline.com\/\" target=\"_blank\" rel=\"noopener noreferrer\">wasaline.se<\/a><\/span><\/div>\n<div class=\"\"><span class=\"\"><a class=\"\" href=\"http:\/\/lanstrafiken.se\" target=\"_blank\" rel=\"noopener noreferrer\">lanstrafiken.se<\/a><\/span><\/div>\n<div class=\"\"><span class=\"\"><a class=\"\" href=\"https:\/\/www.avis.se\/\" target=\"_blank\" rel=\"noopener noreferrer\">avis.se<\/a><\/span><\/div>\n<div class=\"\"><span class=\"\"><a class=\"\" href=\"http:\/\/hertz.se\">hertz.se<\/a><\/span><\/div>\n\n\t\t<\/div>\n\t<\/div>\n<div class=\"ult-spacer spacer-6a0a25ccf3c4f\" data-id=\"6a0a25ccf3c4f\" data-height=\"50\" data-height-mobile=\"50\" data-height-tab=\"50\" data-height-tab-portrait=\"\" data-height-mobile-landscape=\"\" style=\"clear:both;display:block;\"><\/div>\n\t<div class=\"wpb_raw_code wpb_content_element wpb_raw_html\" >\n\t\t<div class=\"wpb_wrapper\">\n\t\t\t<iframe src=\"https:\/\/www.google.com\/maps\/embed?pb=!1m18!1m12!1m3!1d1710.9765829748328!2d18.666308516323248!3d64.60630578426039!2m3!1f0!2f0!3f0!3m2!1i1024!2i768!4f13.1!3m3!1m2!1s0x467bd76a9a6a51d5%3A0x705f5dc3729c2dda!2sGammplatsen!5e0!3m2!1ssv!2sse!4v1576502969384!5m2!1ssv!2sse\" width=\"600\" height=\"450\" frameborder=\"0\" style=\"border:0;\" allowfullscreen=\"\"><\/iframe>\n\t\t<\/div>\n\t<\/div>\n<\/div><\/div><\/div><div class=\"wpb_column vc_column_container vc_col-sm-4\"><div class=\"vc_column-inner\"><div class=\"wpb_wrapper\">\n\t<div  class=\"wpb_single_image wpb_content_element vc_align_center  wpb_animate_when_almost_visible wpb_fadeIn fadeIn vc_custom_1576503357094\">\n\t\t\n\t\t<figure class=\"wpb_wrapper vc_figure\">\n\t\t\t<a class=\"\" data-lightbox=\"lightbox[rel-10348-3709500950]\" href=\"https:\/\/utemassan.se\/wp-content\/uploads\/2019\/12\/hitta-till-utemassan-1920x1080-1024x576.jpg\" target=\"_self\"><img fetchpriority=\"high\" decoding=\"async\" width=\"1920\" height=\"1080\" src=\"https:\/\/utemassan.se\/wp-content\/uploads\/2019\/12\/hitta-till-utemassan-1920x1080.jpg\" class=\"vc_single_image-img attachment-full\" alt=\"\" title=\"hitta-till-utemassan-1920x1080\" srcset=\"https:\/\/utemassan.se\/wp-content\/uploads\/2019\/12\/hitta-till-utemassan-1920x1080.jpg 1920w, https:\/\/utemassan.se\/wp-content\/uploads\/2019\/12\/hitta-till-utemassan-1920x1080-300x169.jpg 300w, https:\/\/utemassan.se\/wp-content\/uploads\/2019\/12\/hitta-till-utemassan-1920x1080-768x432.jpg 768w, https:\/\/utemassan.se\/wp-content\/uploads\/2019\/12\/hitta-till-utemassan-1920x1080-1024x576.jpg 1024w, https:\/\/utemassan.se\/wp-content\/uploads\/2019\/12\/hitta-till-utemassan-1920x1080-600x338.jpg 600w\" sizes=\"(max-width: 1920px) 100vw, 1920px\" \/><\/a>\n\t\t<\/figure>\n\t<\/div>\n<\/div><\/div><\/div><\/div><\/div><\/div><\/section><div class=\"crane-section\"><div class=\"crane-container\"><div class=\"vc_row wpb_row vc_row-fluid\"><div class=\"wpb_column vc_column_container vc_col-sm-12\"><div class=\"vc_column-inner\"><div class=\"wpb_wrapper\"><div class=\"ult-spacer spacer-6a0a25cd01324\" data-id=\"6a0a25cd01324\" data-height=\"90\" data-height-mobile=\"90\" data-height-tab=\"90\" data-height-tab-portrait=\"\" data-height-mobile-landscape=\"\" style=\"clear:both;display:block;\"><\/div><\/div><\/div><\/div><\/div><\/div><\/div><div class=\"crane-section\"><div class=\"crane-container\"><div class=\"vc_row wpb_row vc_row-fluid\"><div class=\"wpb_column vc_column_container vc_col-sm-12\"><div class=\"vc_column-inner\"><div class=\"wpb_wrapper\"><div id=\"ultimate-heading-2416a0a25cd01448\" class=\"uvc-heading ult-adjust-bottom-margin ultimate-heading-2416a0a25cd01448 uvc-9109\" data-hspacer=\"no_spacer\"  data-halign=\"left\" style=\"text-align:left\"><div class=\"uvc-heading-spacer no_spacer\" style=\"top\"><\/div><div class=\"uvc-main-heading ult-responsive\"  data-ultimate-target='.uvc-heading.ultimate-heading-2416a0a25cd01448 h2'  data-responsive-json-new='{\"font-size\":\"\",\"line-height\":\"\"}' ><h2 style=\"font-weight:normal;\">Muita ajatuksia? \u00c4l\u00e4 ep\u00e4r\u00f6i ottaa yhteytt\u00e4 meihin ...<\/h2><\/div><\/div><div class=\"ult-spacer spacer-6a0a25cd0145e\" data-id=\"6a0a25cd0145e\" data-height=\"40\" data-height-mobile=\"40\" data-height-tab=\"40\" data-height-tab-portrait=\"\" data-height-mobile-landscape=\"\" style=\"clear:both;display:block;\"><\/div><\/div><\/div><\/div><\/div><\/div><\/div><div class=\"crane-section\"><div class=\"crane-container\"><div class=\"vc_row wpb_row vc_row-fluid\"><div class=\"wpb_column vc_column_container vc_col-sm-12\"><div class=\"vc_column-inner\"><div class=\"wpb_wrapper\">\n<div class=\"wpcf7 no-js\" id=\"wpcf7-f9032-o1\" lang=\"sv-SE\" dir=\"ltr\">\n<div class=\"screen-reader-response\"><p role=\"status\" aria-live=\"polite\" aria-atomic=\"true\"><\/p> <ul><\/ul><\/div>\n<form action=\"\/fi\/wp-json\/wp\/v2\/pages\/10348#wpcf7-f9032-o1\" method=\"post\" class=\"wpcf7-form init\" aria-label=\"Kontaktformul\u00e4r\" novalidate=\"novalidate\" data-status=\"init\" data-trp-original-action=\"\/fi\/wp-json\/wp\/v2\/pages\/10348#wpcf7-f9032-o1\">\n<div style=\"display: none;\">\n<input type=\"hidden\" name=\"_wpcf7\" value=\"9032\" \/>\n<input type=\"hidden\" name=\"_wpcf7_version\" value=\"5.8.6\" \/>\n<input type=\"hidden\" name=\"_wpcf7_locale\" value=\"sv_SE\" \/>\n<input type=\"hidden\" name=\"_wpcf7_unit_tag\" value=\"wpcf7-f9032-o1\" \/>\n<input type=\"hidden\" name=\"_wpcf7_container_post\" value=\"0\" \/>\n<input type=\"hidden\" name=\"_wpcf7_posted_data_hash\" value=\"\" \/>\n<input type=\"hidden\" name=\"_wpcf7_recaptcha_response\" value=\"\" \/>\n<\/div>\n<p><label> Nimesi (*)<br \/>\n<span class=\"wpcf7-form-control-wrap\" data-name=\"your-name\"><input size=\"40\" class=\"wpcf7-form-control wpcf7-text wpcf7-validates-as-required\" aria-required=\"true\" aria-invalid=\"false\" value=\"\" type=\"text\" name=\"your-name\" \/><\/span> <\/label>\n<\/p>\n<p><label> S\u00e4hk\u00f6postiosoitteesi (*)<br \/>\n<span class=\"wpcf7-form-control-wrap\" data-name=\"your-email\"><input size=\"40\" class=\"wpcf7-form-control wpcf7-email wpcf7-validates-as-required wpcf7-text wpcf7-validates-as-email\" aria-required=\"true\" aria-invalid=\"false\" value=\"\" type=\"email\" name=\"your-email\" \/><\/span> <\/label>\n<\/p>\n<p><label> Puhelimesi (*)<br \/>\n<span class=\"wpcf7-form-control-wrap\" data-name=\"tel-967\"><input size=\"40\" class=\"wpcf7-form-control wpcf7-tel wpcf7-text wpcf7-validates-as-tel\" aria-invalid=\"false\" value=\"\" type=\"tel\" name=\"tel-967\" \/><\/span> <\/label>\n<\/p>\n<p><span id=\"wpcf7-6a0a25cd1075d-wrapper\" class=\"wpcf7-form-control-wrap website-url-wrap\" ><label for=\"website-url-input\" class=\"hp-message\">L\u00e4mna detta f\u00e4lt tomt.<\/label><input id=\"website-url-input\"  class=\"wpcf7-form-control wpcf7-text\" type=\"text\" name=\"website-url\" value=\"\" size=\"40\" tabindex=\"-1\" autocomplete=\"new-password\" \/><\/span>\n<\/p>\n<p><label> Aihe<br \/>\n<span class=\"wpcf7-form-control-wrap\" data-name=\"your-subject\"><input size=\"40\" class=\"wpcf7-form-control wpcf7-text\" aria-invalid=\"false\" value=\"\" type=\"text\" name=\"your-subject\" \/><\/span> <\/label>\n<\/p>\n<p><label> Viestisi (vain ruotsi)<br \/>\n<span class=\"wpcf7-form-control-wrap\" data-name=\"your-message\"><textarea cols=\"40\" rows=\"10\" class=\"wpcf7-form-control wpcf7-textarea\" aria-invalid=\"false\" name=\"your-message\"><\/textarea><\/span> <\/label>\n<\/p>\n<p><input class=\"wpcf7-form-control wpcf7-submit has-spinner\" type=\"submit\" value=\"L\u00e4het\u00e4\" \/>\n<\/p>\n<p class=\"recaptcha-text\">* Formul\u00e4ret \u00e4r skyddat av reCAPTCHA fr\u00e5n <a href=\"https:\/\/policies.google.com\/terms\">Google<\/a>.\n<\/p><div class=\"wpcf7-response-output\" aria-hidden=\"true\"><\/div>\n<input type=\"hidden\" name=\"trp-form-language\" value=\"fi\"\/><\/form>\n<\/div>\n<\/div><\/div><\/div><div class=\"wpb_column vc_column_container vc_col-sm-12\"><div class=\"vc_column-inner\"><div class=\"wpb_wrapper\"><div class=\"ult-spacer spacer-6a0a25cd12391\" data-id=\"6a0a25cd12391\" data-height=\"55\" data-height-mobile=\"55\" data-height-tab=\"55\" data-height-tab-portrait=\"\" data-height-mobile-landscape=\"\" style=\"clear:both;display:block;\"><\/div><\/div><\/div><\/div><\/div><\/div><\/div><div class=\"crane-section\"><div class=\"crane-container\"><div class=\"vc_row wpb_row vc_row-fluid\"><div class=\"wpb_column vc_column_container vc_col-sm-12\"><div class=\"vc_column-inner\"><div class=\"wpb_wrapper\">\n\t<div class=\"wpb_text_column wpb_content_element\" >\n\t\t<div class=\"wpb_wrapper\">\n\t\t\t\n\t\t<\/div>\n\t<\/div>\n<\/div><\/div><\/div><\/div><\/div><\/div>","protected":false},"excerpt":{"rendered":"V\u00e4gbeskrivning Att resa hit FLYG TILL OSS Lycksele Flygplats: P\u00e5 Lycksele Flygplats kan du landa direkt i Lappland som tar dig till och fr\u00e5n Arlanda 7 dagar i veckan. N\u00e4rliggande flygplatser Det finns \u00e4ven m\u00f6jlighet att n\u00e5 Lycksele via flygplatsen i Ume\u00e5 och Skellefte\u00e5. Fr\u00e5n flygplatsen f\u00e4rdas du vidare med bil, taxi, buss eller t\u00e5g. ...","protected":false},"author":10,"featured_media":0,"parent":0,"menu_order":0,"comment_status":"closed","ping_status":"closed","template":"","meta":{"inline_featured_image":false,"footnotes":""},"_links":{"self":[{"href":"https:\/\/utemassan.se\/fi\/wp-json\/wp\/v2\/pages\/10348"}],"collection":[{"href":"https:\/\/utemassan.se\/fi\/wp-json\/wp\/v2\/pages"}],"about":[{"href":"https:\/\/utemassan.se\/fi\/wp-json\/wp\/v2\/types\/page"}],"author":[{"embeddable":true,"href":"https:\/\/utemassan.se\/fi\/wp-json\/wp\/v2\/users\/10"}],"replies":[{"embeddable":true,"href":"https:\/\/utemassan.se\/fi\/wp-json\/wp\/v2\/comments?post=10348"}],"version-history":[{"count":24,"href":"https:\/\/utemassan.se\/fi\/wp-json\/wp\/v2\/pages\/10348\/revisions"}],"predecessor-version":[{"id":11674,"href":"https:\/\/utemassan.se\/fi\/wp-json\/wp\/v2\/pages\/10348\/revisions\/11674"}],"wp:attachment":[{"href":"https:\/\/utemassan.se\/fi\/wp-json\/wp\/v2\/media?parent=10348"}],"curies":[{"name":"wp","href":"https:\/\/api.w.org\/{rel}","templated":true}]}}