{"id":9098,"date":"2019-05-14T09:22:00","date_gmt":"2019-05-14T07:22:00","guid":{"rendered":"http:\/\/utemassan.se\/?page_id=9098"},"modified":"2024-09-17T09:18:05","modified_gmt":"2024-09-17T07:18:05","slug":"om-oss","status":"publish","type":"page","link":"https:\/\/utemassan.se\/en\/om-oss\/","title":{"rendered":"About us"},"content":{"rendered":"<div class=\"crane-section\"><div class=\"crane-container-fluid crane-container--no-padding\"><div class=\"vc_row wpb_row vc_row-fluid\"><div class=\"wpb_column vc_column_container vc_col-sm-12\"><div class=\"vc_column-inner\"><div class=\"wpb_wrapper\"><\/div><\/div><\/div><\/div><\/div><\/div><!-- Row Backgrounds --><div class=\"upb_color\" data-bg-override=\"0\" data-bg-color=\"#f8f8f8\" data-fadeout=\"\" data-fadeout-percentage=\"30\" data-parallax-content=\"\" data-parallax-content-sense=\"30\" data-row-effect-mobile-disable=\"true\" data-img-parallax-mobile-disable=\"true\" data-rtl=\"false\"  data-custom-vc-row=\"\"  data-vc=\"6.8.0\"  data-is_old_vc=\"\"  data-theme-support=\"enable\"   data-overlay=\"false\" data-overlay-color=\"\" data-overlay-pattern=\"\" data-overlay-pattern-opacity=\"\" data-overlay-pattern-size=\"\"    ><\/div><div class=\"crane-section\"><div class=\"crane-container\"><div class=\"vc_row wpb_row vc_row-fluid\"><div class=\"wpb_column vc_column_container vc_col-sm-12\"><div class=\"vc_column-inner\"><div class=\"wpb_wrapper\"><div class=\"ult-spacer spacer-6a09027ee1322\" data-id=\"6a09027ee1322\" data-height=\"80\" data-height-mobile=\"40\" data-height-tab=\"\" data-height-tab-portrait=\"\" data-height-mobile-landscape=\"40\" style=\"clear:both;display:block;\"><\/div><div class=\"ult-animation  ult-no-mobile\" data-animate=\"fadeInUp\" data-animation-delay=\"0\" data-animation-duration=\"0.3\" data-animation-iteration=\"1\" style=\"\" ><h2 style=\"text-align: left\" class=\"vc_custom_heading vc_custom_1557834691683\" >About us<\/h2><\/div><div class=\"ult-animation  ult-no-mobile\" data-animate=\"fadeInUp\" data-animation-delay=\"0\" data-animation-duration=\"0.5\" data-animation-iteration=\"1\" style=\"\" >\n\t<div class=\"wpb_text_column wpb_content_element\" >\n\t\t<div class=\"wpb_wrapper\">\n\t\t\t<h3 class=\"sppb-addon-title\">Utem\u00e4ssan i Lapplands vision \u00e4r att sammanf\u00f6ra m\u00e4nniskor med ett intresse av hund, jakt, fiske, h\u00e5rdhantverk och uteliv.<\/h3>\n<p>Vi vill skapa en inspirerande m\u00f6tesplats som erbjuder en helg av aktiviteter. Bland annat kan du ta del av:<\/p>\n<ul>\n<li>F\u00f6rel\u00e4sningar med k\u00e4nda profiler<\/li>\n<li>Prova-p\u00e5-aktiviteter<\/li>\n<li>Barnomr\u00e5de<\/li>\n<li>Senaste produkterna inom jakt och fiske<\/li>\n<li>F\u00f6rs\u00e4ljning och visning av den senaste utrustningen och aktuella tillbeh\u00f6r f\u00f6r friluftsliv<\/li>\n<li>N\u00e4rproducerat mathantverk<\/li>\n<li>Kreativa sl\u00f6jdare<\/li>\n<li>M\u00e4ngder av hundar<\/li>\n<\/ul>\n<p><strong>Kom och bes\u00f6k oss sista helgen i maj!<\/strong><\/p>\n\n\t\t<\/div>\n\t<\/div>\n<div class=\"ult-spacer spacer-6a09027ee1fe2\" data-id=\"6a09027ee1fe2\" data-height=\"50\" data-height-mobile=\"45\" data-height-tab=\"\" data-height-tab-portrait=\"\" data-height-mobile-landscape=\"45\" style=\"clear:both;display:block;\"><\/div><\/div><h2 style=\"text-align: left\" class=\"vc_custom_heading vc_custom_1576568187775\" >Responsible for the Outdoor Exhibition<\/h2><div class=\"vc_row wpb_row vc_inner vc_row-fluid vc_custom_1576568126882\"><div class=\"wpb_column vc_column_container vc_col-sm-3\"><div class=\"vc_column-inner\"><div class=\"wpb_wrapper\">\n\t<div class=\"wpb_text_column wpb_content_element\" >\n\t\t<div class=\"wpb_wrapper\">\n\t\t\t<p><strong>Magnus Ols\u00e9n<br \/>\nM\u00e4ssansvarig<\/strong><br \/>\nE-mail: <span id=\"cloakcb994af275c59722b96f05316dea6d11\"><span id=\"cloak207c5e937f4627794cc06e5cb7e61864\"><a href=\"mailto:magnus@utemassan.se\">magnus@utemassan.se<\/a><\/span><\/span><br \/>\nTel: 070-668 58 11<\/p>\n<p class=\"p1\"><strong>Cajsa Ols\u00e9n<br \/>\nProjekt\/kundansvarig<br \/>\n<\/strong>E-mail: <span class=\"s1\"><a href=\"mailto:cajsa@utemassan.se\">cajsa@utemassan.se<\/a><br \/>\n<\/span>Tel: 070-668 58 13<\/p>\n\n\t\t<\/div>\n\t<\/div>\n<\/div><\/div><\/div><div class=\"wpb_column vc_column_container vc_col-sm-3\"><div class=\"vc_column-inner\"><div class=\"wpb_wrapper\"><\/div><\/div><\/div><div class=\"wpb_column vc_column_container vc_col-sm-3\"><div class=\"vc_column-inner\"><div class=\"wpb_wrapper\"><\/div><\/div><\/div><\/div><\/div><\/div><\/div><\/div><\/div><\/div><section class=\"vc_section crane-container-fluid crane-container--no-padding\"><div class=\"crane-background\" style=\"background-color: #ffffff;\"><\/div><div class=\"crane-section\"><div class=\"crane-container\"><div class=\"vc_row wpb_row vc_row-fluid\"><div class=\"wpb_column vc_column_container vc_col-sm-12\"><div class=\"vc_column-inner\"><div class=\"wpb_wrapper\"><div class=\"ult-spacer spacer-6a09027ee31b1\" data-id=\"6a09027ee31b1\" data-height=\"10\" data-height-mobile=\"10\" data-height-tab=\"10\" data-height-tab-portrait=\"\" data-height-mobile-landscape=\"\" style=\"clear:both;display:block;\"><\/div><\/div><\/div><\/div><\/div><\/div><\/div><\/section>","protected":false},"excerpt":{"rendered":"Om oss Utem\u00e4ssan i Lapplands vision \u00e4r att sammanf\u00f6ra m\u00e4nniskor med ett intresse av hund, jakt, fiske, h\u00e5rdhantverk och uteliv. Vi vill skapa en inspirerande m\u00f6tesplats som erbjuder en helg av aktiviteter. Bland annat kan du ta del av: F\u00f6rel\u00e4sningar med k\u00e4nda profiler Prova-p\u00e5-aktiviteter Barnomr\u00e5de Senaste produkterna inom jakt och fiske F\u00f6rs\u00e4ljning och visning av ...","protected":false},"author":10,"featured_media":0,"parent":0,"menu_order":0,"comment_status":"closed","ping_status":"closed","template":"","meta":{"inline_featured_image":false,"footnotes":""},"_links":{"self":[{"href":"https:\/\/utemassan.se\/en\/wp-json\/wp\/v2\/pages\/9098"}],"collection":[{"href":"https:\/\/utemassan.se\/en\/wp-json\/wp\/v2\/pages"}],"about":[{"href":"https:\/\/utemassan.se\/en\/wp-json\/wp\/v2\/types\/page"}],"author":[{"embeddable":true,"href":"https:\/\/utemassan.se\/en\/wp-json\/wp\/v2\/users\/10"}],"replies":[{"embeddable":true,"href":"https:\/\/utemassan.se\/en\/wp-json\/wp\/v2\/comments?post=9098"}],"version-history":[{"count":84,"href":"https:\/\/utemassan.se\/en\/wp-json\/wp\/v2\/pages\/9098\/revisions"}],"predecessor-version":[{"id":11780,"href":"https:\/\/utemassan.se\/en\/wp-json\/wp\/v2\/pages\/9098\/revisions\/11780"}],"wp:attachment":[{"href":"https:\/\/utemassan.se\/en\/wp-json\/wp\/v2\/media?parent=9098"}],"curies":[{"name":"wp","href":"https:\/\/api.w.org\/{rel}","templated":true}]}}