{"id":10809,"date":"2020-01-27T08:47:38","date_gmt":"2020-01-27T07:47:38","guid":{"rendered":"http:\/\/utemassan.se\/?page_id=10809"},"modified":"2024-04-11T14:31:27","modified_gmt":"2024-04-11T12:31:27","slug":"knivtorget","status":"publish","type":"page","link":"https:\/\/utemassan.se\/en\/knivtorget\/","title":{"rendered":"The knife square"},"content":{"rendered":"<div class=\"crane-section\"><div class=\"crane-container\"><div class=\"vc_row wpb_row vc_row-fluid\"><div class=\"wpb_column vc_column_container vc_col-sm-12\"><div class=\"vc_column-inner\"><div class=\"wpb_wrapper\"><\/div><\/div><\/div><\/div><\/div><\/div><div class=\"crane-section\"><div class=\"crane-container\"><div class=\"vc_row wpb_row vc_row-fluid\"><div class=\"wpb_column vc_column_container vc_col-sm-12\"><div class=\"vc_column-inner\"><div class=\"wpb_wrapper\"><div class=\"ult-spacer spacer-69ce53ff230b0\" data-id=\"69ce53ff230b0\" data-height=\"57\" data-height-mobile=\"57\" data-height-tab=\"57\" data-height-tab-portrait=\"\" data-height-mobile-landscape=\"\" style=\"clear:both;display:block;\"><\/div><\/div><\/div><\/div><\/div><\/div><\/div><section class=\"vc_section crane-container\"><div class=\"crane-section\"><div class=\"crane-container\"><div class=\"vc_row wpb_row vc_row-fluid\"><div class=\"wpb_column vc_column_container vc_col-sm-8\"><div class=\"vc_column-inner\"><div class=\"wpb_wrapper\"><h1 style=\"text-align: left\" class=\"vc_custom_heading\" >The knife square<\/h1>\n\t<div class=\"wpb_text_column wpb_content_element\" >\n\t\t<div class=\"wpb_wrapper\">\n\t\t\t<h3>Knivtorget p\u00e5 Utem\u00e4ssan i Lappland!<\/h3>\n<p>Tanken och visionen \u00e4r att skapa en m\u00f6tesplats f\u00f6r knivmakare i Lappland \/ Norrland \/ Norden! Kom och se hantverkare visa upp sina kunskaper inom gravyr, scrimm knivslipning, l\u00e4derarbeten, bryning m.m. Upplev knivsl\u00f6jdandet, handla kniv, prata hantverk, och kanske blir du sugen att prova p\u00e5 sj\u00e4lv!<\/p>\n<p><strong>F\u00f6rs\u00e4ljning av material, tillbeh\u00f6r och verktyg<\/strong><\/p>\n<p>M\u00e5nga av v\u00e5ra knivmakare s\u00e4ljer knivar och \u00e4mnen under m\u00e4ssdagarna. Vi har \u00e4ven g\u00e4stande f\u00f6retag som har m\u00e4ngder av inspirerande material och fina erbjudanden att botanisera bland.<\/p>\n<p><strong>Visning av samlarknivar fr\u00e5n exklusiv privat samling<\/strong><\/p>\n<p>Do not miss the private collectors who show off their most beautiful knives in several different classes.<\/p>\n<p><strong>Gammplatsen i Lycksele har alla f\u00f6ruts\u00e4ttningar f\u00f6r en lyckad m\u00e4ssa<\/strong><\/p>\n<p>The environment, accessibility, committed people and a lively interest in outdoor life in every way and in all its forms. A place for exchange of experience, knowledge and community. There is trade in materials and you get the opportunity to talk about knives. It is a meeting point that many look forward to throughout the year. The knife square provides a great opportunity to arouse interest in knife blasting. You might just go home with a new hobby or a booked course this spring.<\/p>\n<p><strong>Welcome!<\/strong><\/p>\n\n\t\t<\/div>\n\t<\/div>\n<\/div><\/div><\/div><div class=\"wpb_column vc_column_container vc_col-sm-4\"><div class=\"vc_column-inner\"><div class=\"wpb_wrapper\">\n\t<div  class=\"wpb_single_image wpb_content_element vc_align_center  wpb_animate_when_almost_visible wpb_fadeIn fadeIn vc_custom_1672750772050\">\n\t\t\n\t\t<figure class=\"wpb_wrapper vc_figure\">\n\t\t\t<a class=\"\" data-lightbox=\"lightbox[rel-10809-2305063193]\" href=\"https:\/\/utemassan.se\/wp-content\/uploads\/2023\/01\/knivutstallning-2-600x900-1.jpg\" target=\"_self\"><img fetchpriority=\"high\" decoding=\"async\" width=\"600\" height=\"900\" src=\"https:\/\/utemassan.se\/wp-content\/uploads\/2023\/01\/knivutstallning-2-600x900-1.jpg\" class=\"vc_single_image-img attachment-full\" alt=\"Knivutst\u00e4llning i Norrland\" title=\"Knivutst\u00e4llning i Norrland\" srcset=\"https:\/\/utemassan.se\/wp-content\/uploads\/2023\/01\/knivutstallning-2-600x900-1.jpg 600w, https:\/\/utemassan.se\/wp-content\/uploads\/2023\/01\/knivutstallning-2-600x900-1-200x300.jpg 200w, https:\/\/utemassan.se\/wp-content\/uploads\/2023\/01\/knivutstallning-2-600x900-1-8x12.jpg 8w\" sizes=\"(max-width: 600px) 100vw, 600px\" \/><\/a>\n\t\t<\/figure>\n\t<\/div>\n\n\t<div  class=\"wpb_single_image wpb_content_element vc_align_center  wpb_animate_when_almost_visible wpb_fadeIn fadeIn vc_custom_1672750873134\">\n\t\t\n\t\t<figure class=\"wpb_wrapper vc_figure\">\n\t\t\t<a class=\"\" data-lightbox=\"lightbox[rel-10809-995200507]\" href=\"https:\/\/utemassan.se\/wp-content\/uploads\/2019\/12\/knivtorg-910x512.jpg\" target=\"_self\"><img decoding=\"async\" width=\"910\" height=\"512\" src=\"https:\/\/utemassan.se\/wp-content\/uploads\/2019\/12\/knivtorg-910x512.jpg\" class=\"vc_single_image-img attachment-full\" alt=\"knivar\" title=\"knivtorg-910x512\" srcset=\"https:\/\/utemassan.se\/wp-content\/uploads\/2019\/12\/knivtorg-910x512.jpg 910w, https:\/\/utemassan.se\/wp-content\/uploads\/2019\/12\/knivtorg-910x512-300x169.jpg 300w, https:\/\/utemassan.se\/wp-content\/uploads\/2019\/12\/knivtorg-910x512-768x432.jpg 768w, https:\/\/utemassan.se\/wp-content\/uploads\/2019\/12\/knivtorg-910x512-600x338.jpg 600w\" sizes=\"(max-width: 910px) 100vw, 910px\" \/><\/a>\n\t\t<\/figure>\n\t<\/div>\n<\/div><\/div><\/div><\/div><\/div><\/div><\/section><div class=\"crane-section\"><div class=\"crane-container\"><div class=\"vc_row wpb_row vc_row-fluid\"><div class=\"wpb_column vc_column_container vc_col-sm-12\"><div class=\"vc_column-inner\"><div class=\"wpb_wrapper\"><div class=\"ult-spacer spacer-69ce53ff24295\" data-id=\"69ce53ff24295\" data-height=\"90\" data-height-mobile=\"90\" data-height-tab=\"90\" data-height-tab-portrait=\"90\" data-height-mobile-landscape=\"90\" style=\"clear:both;display:block;\"><\/div><\/div><\/div><\/div><\/div><\/div><\/div>","protected":false},"excerpt":{"rendered":"Knivtorget Knivtorget p\u00e5 Utem\u00e4ssan i Lappland! Tanken och visionen \u00e4r att skapa en m\u00f6tesplats f\u00f6r knivmakare i Lappland \/ Norrland \/ Norden! Kom och se hantverkare visa upp sina kunskaper inom gravyr, scrimm knivslipning, l\u00e4derarbeten, bryning m.m. Upplev knivsl\u00f6jdandet, handla kniv, prata hantverk, och kanske blir du sugen att prova p\u00e5 sj\u00e4lv! F\u00f6rs\u00e4ljning av material, ...","protected":false},"author":1,"featured_media":0,"parent":0,"menu_order":0,"comment_status":"closed","ping_status":"closed","template":"","meta":{"inline_featured_image":false,"footnotes":""},"_links":{"self":[{"href":"https:\/\/utemassan.se\/en\/wp-json\/wp\/v2\/pages\/10809"}],"collection":[{"href":"https:\/\/utemassan.se\/en\/wp-json\/wp\/v2\/pages"}],"about":[{"href":"https:\/\/utemassan.se\/en\/wp-json\/wp\/v2\/types\/page"}],"author":[{"embeddable":true,"href":"https:\/\/utemassan.se\/en\/wp-json\/wp\/v2\/users\/1"}],"replies":[{"embeddable":true,"href":"https:\/\/utemassan.se\/en\/wp-json\/wp\/v2\/comments?post=10809"}],"version-history":[{"count":17,"href":"https:\/\/utemassan.se\/en\/wp-json\/wp\/v2\/pages\/10809\/revisions"}],"predecessor-version":[{"id":11734,"href":"https:\/\/utemassan.se\/en\/wp-json\/wp\/v2\/pages\/10809\/revisions\/11734"}],"wp:attachment":[{"href":"https:\/\/utemassan.se\/en\/wp-json\/wp\/v2\/media?parent=10809"}],"curies":[{"name":"wp","href":"https:\/\/api.w.org\/{rel}","templated":true}]}}