{"id":10689,"date":"2020-01-13T11:05:07","date_gmt":"2020-01-13T10:05:07","guid":{"rendered":"http:\/\/utemassan.se\/?page_id=10689"},"modified":"2024-05-06T14:08:33","modified_gmt":"2024-05-06T12:08:33","slug":"hundutstallningar","status":"publish","type":"page","link":"https:\/\/utemassan.se\/en\/hundutstallningar\/","title":{"rendered":"Dog shows"},"content":{"rendered":"<div class=\"crane-section\"><div class=\"crane-container\"><div class=\"vc_row wpb_row vc_row-fluid\"><div class=\"wpb_column vc_column_container vc_col-sm-12\"><div class=\"vc_column-inner\"><div class=\"wpb_wrapper\"><\/div><\/div><\/div><\/div><\/div><\/div><div class=\"crane-section\"><div class=\"crane-container\"><div class=\"vc_row wpb_row vc_row-fluid\"><div class=\"wpb_column vc_column_container vc_col-sm-12\"><div class=\"vc_column-inner\"><div class=\"wpb_wrapper\"><div class=\"ult-spacer spacer-6a0a251033f23\" data-id=\"6a0a251033f23\" data-height=\"57\" data-height-mobile=\"57\" data-height-tab=\"57\" data-height-tab-portrait=\"\" data-height-mobile-landscape=\"\" style=\"clear:both;display:block;\"><\/div><\/div><\/div><\/div><\/div><\/div><\/div><section class=\"vc_section crane-container\"><div class=\"crane-section\"><div class=\"crane-container\"><div class=\"vc_row wpb_row vc_row-fluid\"><div class=\"wpb_column vc_column_container vc_col-sm-8\"><div class=\"vc_column-inner\"><div class=\"wpb_wrapper\"><h1 style=\"text-align: left\" class=\"vc_custom_heading wpb_animate_when_almost_visible wpb_fadeIn fadeIn\" >Dog shows<\/h1>\n\t<div class=\"wpb_text_column wpb_content_element\" >\n\t\t<div class=\"wpb_wrapper\">\n\t\t\t<p class=\"p1\">Under tv\u00e5 av tre dagar under m\u00e4ssan kommer det att anordnas jakthundsutst\u00e4llningar. Under 2024 kommer alla hundutst\u00e4llningar vara uppe vid stora scenen. Utst\u00e4llningarna under Utem\u00e4ssan \u00e4r endast \u00f6ppen f\u00f6r de raser som tillh\u00f6r respektive ras-\/specialklubb. Varje ras- \/specialklubb har egna anm\u00e4lningsrutiner, se nedan.<\/p>\n<p><strong>Rules regarding exhibition during the current fair.<\/strong><\/p>\n<ul>\n<li class=\"p1\">Anm\u00e4lan till utst\u00e4llningen sker till respektive klubb<\/li>\n<li class=\"p1\">Under m\u00e4ssan finns s\u00e4rskild hundentr\u00e9 f\u00f6r anm\u00e4lda hundar<\/li>\n<li class=\"p1\">\u00c4gare samt en medf\u00f6ljande per anm\u00e4ld hund har fri entr\u00e9 till m\u00e4ssomr\u00e5det<\/li>\n<li class=\"p1\">Tj\u00e4nstg\u00f6rande domare har fri entr\u00e9 p\u00e5 m\u00e4ssomr\u00e5det den dag hen arbetar. Detta g\u00e4ller \u00e4ven ringsekreterare och \u00f6vriga funktion\u00e4rer.<\/li>\n<li class=\"p1\">Skuggt\u00e4lt samt vatten tillhandah\u00e5lls av Utem\u00e4ssan<\/li>\n<li class=\"p1\">Plats f\u00f6r eget utst\u00e4llart\u00e4lt finns i m\u00e5n av plats.<\/li>\n<\/ul>\n<p class=\"p1\">Det kommer finnas m\u00e4sspersonal i hundentr\u00e9n s\u00e5 att \u00e4ven \u00f6vriga familjemedlemmar kan l\u00f6sa entr\u00e9 och g\u00e5 in tillsammans.<\/p>\n<p class=\"p1\">Kontaktperson Utem\u00e4ssan:<\/p>\n<p class=\"p1\"><strong>Maria Gustafsson<\/strong><br \/>\nTel: 070-3389495<br \/>\nE-post: maria@utemassan.se<\/p>\n<p><!--\n\n\n\n\n<h2>UTST\u00c4LLNING I LYCKSELE<\/h2>\n\n\n\n\n\n\n\n\n<h3>Utst\u00e4llning f\u00f6r V\u00e4sterbottens F\u00e5gelhundsklubb<\/h3>\n\n\n\n\n\n\n\n\n<div style=\"overflow-x: auto;\">\n\n\n\n\n<table border=\"0\" cellspacing=\"1\" cellpadding=\"1\">\n\n\n\n\n<tbody>\n\n\n\n\n<tr>\n\n\n\n\n<td>\n\n\n\n\n<h4>Datum<\/h4>\n\n\n\n\n<\/td>\n\n\n\n\n\n\n\n\n<td>\n\n\n\n\n<h4>Ort<\/h4>\n\n\n\n\n<\/td>\n\n\n\n\n\n\n\n\n<td>\n\n\n\n\n<h4>Domare<\/h4>\n\n\n\n\n<\/td>\n\n\n\n\n\n\n\n\n<td>\n\n\n\n\n<h4>Sista anm\u00e4lan<\/h4>\n\n\n\n\n<\/td>\n\n\n\n\n<\/tr>\n\n\n\n\n\n\n\n\n<tr>\n\n\n\n\n<td>2023-05-27<\/td>\n\n\n\n\n\n\n\n\n<td>Lycksele<\/td>\n\n\n\n\n\n\n\n\n<td>Arvid G\u00f6ransson<\/td>\n\n\n\n\n\n\n\n\n<td>\n\n\n\n\n<p class=\"p1\">2023-05-13\n\n\n\n<\/td>\n\n\n\n\n<\/tr>\n\n\n\n\n<\/tbody>\n\n\n\n\n<\/table>\n\n\n\n\n&nbsp;<\/div>\n\n\n\n\n\n\n\n\n<p class=\"p1\">Anm\u00e4lan V\u00e4sterbottens F\u00e5gelhundsklubb: vbfk.post@gmail.com\nKontaktperson: Marlene \u00d6rmin, 070-514 66 22\n\n\n\n\n<h3>Specialklubben f\u00f6r Sk\u00e4llande F\u00e5gelhundar, V\u00e4sterbottens Lappmark<\/h3>\n\n\n\n\n\n\n\n\n<div style=\"overflow-x: auto;\">\n\n\n\n\n<table border=\"0\" cellspacing=\"1\" cellpadding=\"1\">\n\n\n\n\n<tbody>\n\n\n\n\n<tr>\n\n\n\n\n<td>\n\n\n\n\n<h4>Datum<\/h4>\n\n\n\n\n<\/td>\n\n\n\n\n\n\n\n\n<td>\n\n\n\n\n<h4>Ort<\/h4>\n\n\n\n\n<\/td>\n\n\n\n\n\n\n\n\n<td>\n\n\n\n\n<h4>Domare<\/h4>\n\n\n\n\n<\/td>\n\n\n\n\n\n\n\n\n<td>\n\n\n\n\n<h4>Sista anm\u00e4lan<\/h4>\n\n\n\n\n<\/td>\n\n\n\n\n<\/tr>\n\n\n\n\n\n\n\n\n<tr>\n\n\n\n\n<td>\n\n\n\n\n<p class=\"p1\">2023-05-28\n\n\n\n<\/td>\n\n\n\n\n\n\n\n\n<td>Lycksele<\/td>\n\n\n\n\n\n\n\n\n<td>Kurt Nilsson<\/td>\n\n\n\n\n\n\n\n\n<td>\n\n\n\n\n<p class=\"p1\">2023-05-14\n\n\n\n<\/td>\n\n\n\n\n<\/tr>\n\n\n\n\n<\/tbody>\n\n\n\n\n<\/table>\n\n\n\n\n<\/div>\n\n\n\n\n<strong><em>\nAnm\u00e4lan:<\/em><\/strong>\n\n\n\n\n<p class=\"p1\">Anm\u00e4lningsblankett: <a href=\"https:\/\/ssf-riks.se\/wp-content\/uploads\/2023\/03\/Anm_blankett_20230206.pdf\" target=\"_blank\" rel=\"noopener\">Ladda ner<\/a>\n\n\n\n\n\n\n\n<p class=\"p1\">Anm\u00e4lan skickas till: per_sjogren_1@hotmail.com\n\n\n\n\n\n\n\n<p class=\"p1\">\u00d6vrig info: https:\/\/ssf-riks.se\/utstallningar\/\n\n\n\n\n\n\n\n<p class=\"p1\">Kontaktperson: Per Sj\u00f6gren, 070-286 76 91\n\n\n\n\n\n\n\n\n<h3>V\u00e4sterbottens l\u00e4ns st\u00f6varklubb<\/h3>\n\n\n\n\n\n\n\n\n<div style=\"overflow-x: auto;\">\n\n\n\n\n<table border=\"0\" cellspacing=\"1\" cellpadding=\"1\">\n\n\n\n\n<tbody>\n\n\n\n\n<tr>\n\n\n\n\n<td>\n\n\n\n\n<h4>Datum<\/h4>\n\n\n\n\n<\/td>\n\n\n\n\n\n\n\n\n<td>\n\n\n\n\n<h4>Ort<\/h4>\n\n\n\n\n<\/td>\n\n\n\n\n\n\n\n\n<td>\n\n\n\n\n<h4>Domare<\/h4>\n\n\n\n\n<\/td>\n\n\n\n\n\n\n\n\n<td>\n\n\n\n\n<h4>Sista anm\u00e4lan<\/h4>\n\n\n\n\n<\/td>\n\n\n\n\n<\/tr>\n\n\n\n\n\n\n\n\n<tr>\n\n\n\n\n<td>\n\n\n\n\n<p class=\"p1\">2023-05-28\n\n\n\n<\/td>\n\n\n\n\n\n\n\n\n<td>Lycksele<\/td>\n\n\n\n\n\n\n\n\n<td>Tomas Eriksson<\/td>\n\n\n\n\n\n\n\n\n<td>\n\n\n\n\n<p class=\"p1\">2023-05-21\n\n\n\n<\/td>\n\n\n\n\n<\/tr>\n\n\n\n\n<\/tbody>\n\n\n\n\n<\/table>\n\n\n\n\n<strong>\nAnm\u00e4lan och information:<\/strong><\/div>\n\n\n\n\n\n\n\n\n<p class=\"p1\"><a href=\"https:\/\/www.vblstovare.se\/utst%C3%A4llningar-2023\/lycksele-28-maj-20548058\" target=\"_blank\" rel=\"noopener\">https:\/\/www.vblstovare.se\/utst%C3%A4llningar-2023\/lycksele-28-maj-20548058<\/a>\n\n\n\n\n\n\n\n<p class=\"p1\">Kontaktperson: \u00a0<b>Christel Karlsson, Tfn: 070-238 24<\/b>\n\n\n\n--><\/p>\n\n\t\t<\/div>\n\t<\/div>\n<\/div><\/div><\/div><div class=\"custom-shadow wpb_column vc_column_container vc_col-sm-4\"><div class=\"vc_column-inner\"><div class=\"wpb_wrapper\">\n\t<div  class=\"wpb_single_image wpb_content_element vc_align_center  wpb_animate_when_almost_visible wpb_fadeIn fadeIn vc_custom_1580294291724\">\n\t\t\n\t\t<figure class=\"wpb_wrapper vc_figure\">\n\t\t\t<a class=\"\" data-lightbox=\"lightbox[rel-10689-1373981313]\" href=\"https:\/\/utemassan.se\/wp-content\/uploads\/2020\/01\/Norrbottenspets_Karina_2008-1024x768.jpg\" target=\"_self\"><img fetchpriority=\"high\" decoding=\"async\" width=\"2560\" height=\"1920\" src=\"https:\/\/utemassan.se\/wp-content\/uploads\/2020\/01\/Norrbottenspets_Karina_2008-scaled.jpg\" class=\"vc_single_image-img attachment-full\" alt=\"\" title=\"Norrbottenspets_Karina_2008\" srcset=\"https:\/\/utemassan.se\/wp-content\/uploads\/2020\/01\/Norrbottenspets_Karina_2008-scaled.jpg 2560w, https:\/\/utemassan.se\/wp-content\/uploads\/2020\/01\/Norrbottenspets_Karina_2008-300x225.jpg 300w, https:\/\/utemassan.se\/wp-content\/uploads\/2020\/01\/Norrbottenspets_Karina_2008-1024x768.jpg 1024w, https:\/\/utemassan.se\/wp-content\/uploads\/2020\/01\/Norrbottenspets_Karina_2008-768x576.jpg 768w, https:\/\/utemassan.se\/wp-content\/uploads\/2020\/01\/Norrbottenspets_Karina_2008-1536x1152.jpg 1536w, https:\/\/utemassan.se\/wp-content\/uploads\/2020\/01\/Norrbottenspets_Karina_2008-2048x1536.jpg 2048w\" sizes=\"(max-width: 2560px) 100vw, 2560px\" \/><\/a>\n\t\t<\/figure>\n\t<\/div>\n<\/div><\/div><\/div><\/div><\/div><\/div><\/section><div class=\"crane-section\"><div class=\"crane-container\"><div class=\"vc_row wpb_row vc_row-fluid\"><div class=\"wpb_column vc_column_container vc_col-sm-12\"><div class=\"vc_column-inner\"><div class=\"wpb_wrapper\"><div class=\"ult-spacer spacer-6a0a25103552c\" data-id=\"6a0a25103552c\" data-height=\"90\" data-height-mobile=\"90\" data-height-tab=\"90\" data-height-tab-portrait=\"90\" data-height-mobile-landscape=\"90\" style=\"clear:both;display:block;\"><\/div><\/div><\/div><\/div><\/div><\/div><\/div>","protected":false},"excerpt":{"rendered":"Hundutst\u00e4llningar Under tv\u00e5 av tre dagar under m\u00e4ssan kommer det att anordnas jakthundsutst\u00e4llningar. Under 2024 kommer alla hundutst\u00e4llningar vara uppe vid stora scenen. Utst\u00e4llningarna under Utem\u00e4ssan \u00e4r endast \u00f6ppen f\u00f6r de raser som tillh\u00f6r respektive ras-\/specialklubb. Varje ras- \/specialklubb har egna anm\u00e4lningsrutiner, se nedan. Regler kring utst\u00e4llning under p\u00e5g\u00e5ende m\u00e4ssa. Anm\u00e4lan till utst\u00e4llningen sker till ...","protected":false},"author":10,"featured_media":0,"parent":0,"menu_order":0,"comment_status":"closed","ping_status":"closed","template":"","meta":{"inline_featured_image":false,"footnotes":""},"_links":{"self":[{"href":"https:\/\/utemassan.se\/en\/wp-json\/wp\/v2\/pages\/10689"}],"collection":[{"href":"https:\/\/utemassan.se\/en\/wp-json\/wp\/v2\/pages"}],"about":[{"href":"https:\/\/utemassan.se\/en\/wp-json\/wp\/v2\/types\/page"}],"author":[{"embeddable":true,"href":"https:\/\/utemassan.se\/en\/wp-json\/wp\/v2\/users\/10"}],"replies":[{"embeddable":true,"href":"https:\/\/utemassan.se\/en\/wp-json\/wp\/v2\/comments?post=10689"}],"version-history":[{"count":40,"href":"https:\/\/utemassan.se\/en\/wp-json\/wp\/v2\/pages\/10689\/revisions"}],"predecessor-version":[{"id":11766,"href":"https:\/\/utemassan.se\/en\/wp-json\/wp\/v2\/pages\/10689\/revisions\/11766"}],"wp:attachment":[{"href":"https:\/\/utemassan.se\/en\/wp-json\/wp\/v2\/media?parent=10689"}],"curies":[{"name":"wp","href":"https:\/\/api.w.org\/{rel}","templated":true}]}}