{"id":10664,"date":"2020-01-13T08:44:54","date_gmt":"2020-01-13T07:44:54","guid":{"rendered":"http:\/\/utemassan.se\/?page_id=10664"},"modified":"2025-09-17T08:25:27","modified_gmt":"2025-09-17T06:25:27","slug":"kop-biljetter","status":"publish","type":"page","link":"https:\/\/utemassan.se\/en\/kop-biljetter\/","title":{"rendered":"Buy tickets"},"content":{"rendered":"<div class=\"crane-section\"><div class=\"crane-container\"><div class=\"vc_row wpb_row vc_row-fluid\"><div class=\"wpb_column vc_column_container vc_col-sm-12\"><div class=\"vc_column-inner\"><div class=\"wpb_wrapper\"><\/div><\/div><\/div><\/div><\/div><\/div><div class=\"crane-section\"><div class=\"crane-container\"><div class=\"vc_row wpb_row vc_row-fluid\"><div class=\"wpb_column vc_column_container vc_col-sm-12\"><div class=\"vc_column-inner\"><div class=\"wpb_wrapper\"><div class=\"ult-spacer spacer-6a04539695cc7\" data-id=\"6a04539695cc7\" data-height=\"57\" data-height-mobile=\"57\" data-height-tab=\"57\" data-height-tab-portrait=\"\" data-height-mobile-landscape=\"\" style=\"clear:both;display:block;\"><\/div><\/div><\/div><\/div><\/div><\/div><\/div><section class=\"vc_section crane-container\"><div class=\"crane-section\"><div class=\"crane-container\"><div class=\"vc_row wpb_row vc_row-fluid\"><div class=\"wpb_column vc_column_container vc_col-sm-8\"><div class=\"vc_column-inner\"><div class=\"wpb_wrapper\"><h1 style=\"text-align: left\" class=\"vc_custom_heading wpb_animate_when_almost_visible wpb_fadeIn fadeIn\" >Buy tickets<\/h1>\n\t<div class=\"wpb_text_column wpb_content_element\" >\n\t\t<div class=\"wpb_wrapper\">\n\t\t\t<h3>Buy tickets<\/h3>\n<p><strong>Uppdaterade biljettpriser kommer n\u00e4rmare m\u00e4ssan<\/strong><br \/>\n<!--\n<strong>Biljett i samband med entr\u00e9 p\u00e5 m\u00e4ssan:<\/strong>\nVuxen\u00a0 200:-\nUngdom 12-18 \u00e5r 60:-\nPension\u00e4rspris 150:-\nBarn 7-12 \u00e5r 40:-\nBarn 0-6 \u00e5r 0:-\nFamilj 2+2 barn \u00f6ver 7 \u00e5r 400:-\nVuxen 3 dagar 450:-\n\n\n\n\n<h3>Grupprabatter<\/h3>\n\n\n\n\n<strong>GRUPPRABATTER F\u00d6R F\u00d6RETAG \u2013 F\u00d6RENINGAR \u2013 BUSSBOLAG VID F\u00d6RK\u00d6P<\/strong>\n0-9 200:- st\n10-20 180:- st\n21-50 170:- st\n51 \u2013 och upp\u00e5t 150:- st\n\nKlicka p\u00e5 l\u00e4nken nedan och maila efterf\u00f6ljande vid gruppbest\u00e4llning: --><\/p>\n\n\t\t<\/div>\n\t<\/div>\n\n\t<div class=\"wpb_raw_code wpb_raw_js\" >\n\t\t<div class=\"wpb_wrapper\">\n\t\t\t<a style=\"display:block !important;margin-top:28px !important;margin-bottom:28px !important;font-weight: 700 !important;\" href=\"mailto:xbiljxett@utemassanx.se\" onmouseover=\"this.href=this.href.replace(\/x\/g,'');\">Book group tickets<\/a>\n\t\t<\/div>\n\t<\/div>\n\n\t<div class=\"wpb_text_column wpb_content_element\" >\n\t\t<div class=\"wpb_wrapper\">\n\t\t\t<blockquote><p>\nnumber of tickets<br \/>\ncompany name \/ name of organization<br \/>\npostal adress<br \/>\nOrganization number<br \/>\nE-mail address<br \/>\nPhone number\n<\/p><\/blockquote>\n\n\t\t<\/div>\n\t<\/div>\n<\/div><\/div><\/div><div class=\"wpb_column vc_column_container vc_col-sm-4\"><div class=\"vc_column-inner\"><div class=\"wpb_wrapper\">\n\t<div  class=\"wpb_single_image wpb_content_element vc_align_center  wpb_animate_when_almost_visible wpb_fadeIn fadeIn vc_custom_1578905812497\">\n\t\t\n\t\t<figure class=\"wpb_wrapper vc_figure\">\n\t\t\t<a class=\"\" data-lightbox=\"lightbox[rel-10664-751175408]\" href=\"https:\/\/utemassan.se\/wp-content\/uploads\/2020\/01\/biljetter-1024x576-1.jpg\" target=\"_self\"><img fetchpriority=\"high\" decoding=\"async\" width=\"1024\" height=\"576\" src=\"https:\/\/utemassan.se\/wp-content\/uploads\/2020\/01\/biljetter-1024x576-1.jpg\" class=\"vc_single_image-img attachment-full\" alt=\"\" title=\"biljetter-1024x576\" srcset=\"https:\/\/utemassan.se\/wp-content\/uploads\/2020\/01\/biljetter-1024x576-1.jpg 1024w, https:\/\/utemassan.se\/wp-content\/uploads\/2020\/01\/biljetter-1024x576-1-300x169.jpg 300w, https:\/\/utemassan.se\/wp-content\/uploads\/2020\/01\/biljetter-1024x576-1-768x432.jpg 768w, https:\/\/utemassan.se\/wp-content\/uploads\/2020\/01\/biljetter-1024x576-1-600x338.jpg 600w\" sizes=\"(max-width: 1024px) 100vw, 1024px\" \/><\/a>\n\t\t<\/figure>\n\t<\/div>\n<\/div><\/div><\/div><\/div><\/div><\/div><\/section><div class=\"crane-section\"><div class=\"crane-container\"><div class=\"vc_row wpb_row vc_row-fluid\"><div class=\"wpb_column vc_column_container vc_col-sm-12\"><div class=\"vc_column-inner\"><div class=\"wpb_wrapper\"><div class=\"ult-spacer spacer-6a045396994d4\" data-id=\"6a045396994d4\" data-height=\"90\" data-height-mobile=\"90\" data-height-tab=\"90\" data-height-tab-portrait=\"90\" data-height-mobile-landscape=\"90\" style=\"clear:both;display:block;\"><\/div><\/div><\/div><\/div><\/div><\/div><\/div>","protected":false},"excerpt":{"rendered":"K\u00f6p Biljetter K\u00f6p Biljetter Uppdaterade biljettpriser kommer n\u00e4rmare m\u00e4ssan Boka gruppbiljetter biljettantal f\u00f6reningsnamn\/f\u00f6retagsnamn postadress organisationsnummer mailadress telefonnummer","protected":false},"author":10,"featured_media":0,"parent":0,"menu_order":0,"comment_status":"closed","ping_status":"closed","template":"","meta":{"inline_featured_image":false,"footnotes":""},"_links":{"self":[{"href":"https:\/\/utemassan.se\/en\/wp-json\/wp\/v2\/pages\/10664"}],"collection":[{"href":"https:\/\/utemassan.se\/en\/wp-json\/wp\/v2\/pages"}],"about":[{"href":"https:\/\/utemassan.se\/en\/wp-json\/wp\/v2\/types\/page"}],"author":[{"embeddable":true,"href":"https:\/\/utemassan.se\/en\/wp-json\/wp\/v2\/users\/10"}],"replies":[{"embeddable":true,"href":"https:\/\/utemassan.se\/en\/wp-json\/wp\/v2\/comments?post=10664"}],"version-history":[{"count":41,"href":"https:\/\/utemassan.se\/en\/wp-json\/wp\/v2\/pages\/10664\/revisions"}],"predecessor-version":[{"id":11937,"href":"https:\/\/utemassan.se\/en\/wp-json\/wp\/v2\/pages\/10664\/revisions\/11937"}],"wp:attachment":[{"href":"https:\/\/utemassan.se\/en\/wp-json\/wp\/v2\/media?parent=10664"}],"curies":[{"name":"wp","href":"https:\/\/api.w.org\/{rel}","templated":true}]}}