{"id":10374,"date":"2019-12-16T15:52:17","date_gmt":"2019-12-16T14:52:17","guid":{"rendered":"http:\/\/utemassan.se\/?page_id=10374"},"modified":"2024-02-08T08:18:21","modified_gmt":"2024-02-08T07:18:21","slug":"hotell-vandrarhem-och-boende-i-lycksele","status":"publish","type":"page","link":"https:\/\/utemassan.se\/en\/hotell-vandrarhem-och-boende-i-lycksele\/","title":{"rendered":"Hotell, vandrarhem och boende i Lycksele"},"content":{"rendered":"<div class=\"crane-section\"><div class=\"crane-container\"><div class=\"vc_row wpb_row vc_row-fluid\"><div class=\"wpb_column vc_column_container vc_col-sm-12\"><div class=\"vc_column-inner\"><div class=\"wpb_wrapper\"><\/div><\/div><\/div><\/div><\/div><\/div><section class=\"vc_section vc_custom_1576572742939 vc_section-o-content-middle vc_section-flex crane-container-fluid crane-container--no-padding\"><div class=\"crane-background\" style=\"background-color: #f8f8f8;\"><\/div><div class=\"crane-section\"><div class=\"crane-container\"><div class=\"vc_row wpb_row vc_row-fluid\"><div class=\"wpb_column vc_column_container vc_col-sm-12\"><div class=\"vc_column-inner\"><div class=\"wpb_wrapper\"><div id=\"ultimate-heading-44306a0a250a60f03\" class=\"uvc-heading ult-adjust-bottom-margin ultimate-heading-44306a0a250a60f03 uvc-4095\" data-hspacer=\"no_spacer\"  data-halign=\"left\" style=\"text-align:left\"><div class=\"uvc-heading-spacer no_spacer\" style=\"top\"><\/div><div class=\"uvc-main-heading ult-responsive\"  data-ultimate-target='.uvc-heading.ultimate-heading-44306a0a250a60f03 h2'  data-responsive-json-new='{\"font-size\":\"\",\"line-height\":\"\"}' ><h2 style=\"font-weight:normal;\">Tips p\u00e5 boenden i Lycksele med omnejd<\/h2><\/div><\/div><div class=\"ult-spacer spacer-6a0a250a60f23\" data-id=\"6a0a250a60f23\" data-height=\"60\" data-height-mobile=\"60\" data-height-tab=\"60\" data-height-tab-portrait=\"\" data-height-mobile-landscape=\"\" style=\"clear:both;display:block;\"><\/div><\/div><\/div><\/div><\/div><\/div><\/div><div class=\"crane-section\"><div class=\"crane-container\"><div class=\"vc_row wpb_row vc_row-fluid\"><div class=\"wpb_column vc_column_container vc_col-sm-4\"><div class=\"vc_column-inner\"><div class=\"wpb_wrapper\">\n\t<div  class=\"wpb_single_image wpb_content_element vc_align_center  wpb_animate_when_almost_visible wpb_fadeIn fadeIn vc_custom_1576578090206\">\n\t\t\n\t\t<figure class=\"wpb_wrapper vc_figure\">\n\t\t\t<a class=\"\" data-lightbox=\"lightbox[rel-10374-2163712272]\" href=\"https:\/\/utemassan.se\/wp-content\/uploads\/2019\/12\/grano-beckasin.jpg\" target=\"_self\"><img fetchpriority=\"high\" decoding=\"async\" width=\"1000\" height=\"562\" src=\"https:\/\/utemassan.se\/wp-content\/uploads\/2019\/12\/grano-beckasin.jpg\" class=\"vc_single_image-img attachment-full\" alt=\"\" title=\"grano-beckasin\" srcset=\"https:\/\/utemassan.se\/wp-content\/uploads\/2019\/12\/grano-beckasin.jpg 1000w, https:\/\/utemassan.se\/wp-content\/uploads\/2019\/12\/grano-beckasin-300x169.jpg 300w, https:\/\/utemassan.se\/wp-content\/uploads\/2019\/12\/grano-beckasin-768x432.jpg 768w, https:\/\/utemassan.se\/wp-content\/uploads\/2019\/12\/grano-beckasin-600x337.jpg 600w\" sizes=\"(max-width: 1000px) 100vw, 1000px\" \/><\/a>\n\t\t<\/figure>\n\t<\/div>\n\n\t<div class=\"wpb_raw_code wpb_content_element wpb_raw_html vc_custom_1576581638638\" >\n\t\t<div class=\"wpb_wrapper\">\n\t\t\t<h4>Gran\u00f6 Beckasin F\u00e5geln\u00e4ste<\/h4>\n\n- Unikt boende\u00a0 i \"f\u00e5geln\u00e4sten\" (6 st)<br>\n- Toalett, dusch och handdukar<br>\n- TV, kylsk\u00e5p, WIFI, te &amp; kaffe<br>\n- Golvv\u00e4rme<br>\n- Oslagbar utsikt<br><br>\n\n<a href=\"https:\/\/granobeckasin.com\/boende\/fagelnasten\/\" target=\"_blank\" rel=\"noopener noreferrer\"><strong>L\u00e4s mer om f\u00e5geln\u00e4stena<\/strong><\/a><strong>\n<\/strong>\n\t\t<\/div>\n\t<\/div>\n<div class=\"ult-spacer spacer-6a0a250a61d94\" data-id=\"6a0a250a61d94\" data-height=\"90\" data-height-mobile=\"40\" data-height-tab=\"\" data-height-tab-portrait=\"\" data-height-mobile-landscape=\"40\" style=\"clear:both;display:block;\"><\/div><\/div><\/div><\/div><div class=\"wpb_column vc_column_container vc_col-sm-4\"><div class=\"vc_column-inner\"><div class=\"wpb_wrapper\">\n\t<div  class=\"wpb_single_image wpb_content_element vc_align_center  wpb_animate_when_almost_visible wpb_fadeIn fadeIn vc_custom_1576578791516\">\n\t\t\n\t\t<figure class=\"wpb_wrapper vc_figure\">\n\t\t\t<a class=\"\" data-lightbox=\"lightbox[rel-10374-1242177706]\" href=\"https:\/\/utemassan.se\/wp-content\/uploads\/2019\/12\/hotell_lappland.jpg\" target=\"_self\"><img decoding=\"async\" width=\"620\" height=\"349\" src=\"https:\/\/utemassan.se\/wp-content\/uploads\/2019\/12\/hotell_lappland.jpg\" class=\"vc_single_image-img attachment-full\" alt=\"Hotell Lappland i Lycksele\" title=\"Hotell Lappland i Lycksele\" srcset=\"https:\/\/utemassan.se\/wp-content\/uploads\/2019\/12\/hotell_lappland.jpg 620w, https:\/\/utemassan.se\/wp-content\/uploads\/2019\/12\/hotell_lappland-300x169.jpg 300w, https:\/\/utemassan.se\/wp-content\/uploads\/2019\/12\/hotell_lappland-600x338.jpg 600w\" sizes=\"(max-width: 620px) 100vw, 620px\" \/><\/a>\n\t\t<\/figure>\n\t<\/div>\n\n\t<div class=\"wpb_raw_code wpb_content_element wpb_raw_html vc_custom_1576583048725\" >\n\t\t<div class=\"wpb_wrapper\">\n\t\t\t<h4>Hotell Lappland<\/h4>\n\n- Spa &amp; Gym<br>\n- M\u00e4ngder av aktiviteter<br>\n- Room service<br>\n- TV, Telefon, Wifi m.m.<br>\n- Sviter med bastu, badkar m.m.<br><br>\n\n<a href=\"https:\/\/www.hotelllappland.se\/\" target=\"_blank\" rel=\"noopener noreferrer\"><strong>L\u00e4s mer om Hotell Lappland<\/strong><\/a><strong>\n<\/strong>\n\t\t<\/div>\n\t<\/div>\n<div class=\"ult-spacer spacer-6a0a250a6220c\" data-id=\"6a0a250a6220c\" data-height=\"90\" data-height-mobile=\"40\" data-height-tab=\"\" data-height-tab-portrait=\"\" data-height-mobile-landscape=\"40\" style=\"clear:both;display:block;\"><\/div><\/div><\/div><\/div><div class=\"wpb_column vc_column_container vc_col-sm-4\"><div class=\"vc_column-inner\"><div class=\"wpb_wrapper\">\n\t<div  class=\"wpb_single_image wpb_content_element vc_align_center  wpb_animate_when_almost_visible wpb_fadeIn fadeIn vc_custom_1576576338887\">\n\t\t\n\t\t<figure class=\"wpb_wrapper vc_figure\">\n\t\t\t<a class=\"\" data-lightbox=\"lightbox[rel-10374-3259434449]\" href=\"https:\/\/utemassan.se\/wp-content\/uploads\/2019\/12\/ansia-1024x576.jpg\" target=\"_self\"><img decoding=\"async\" width=\"1920\" height=\"1080\" src=\"https:\/\/utemassan.se\/wp-content\/uploads\/2019\/12\/ansia.jpg\" class=\"vc_single_image-img attachment-full\" alt=\"Ansia hotell resort Lycksele\" title=\"Ansia hotell resort Lycksele\" srcset=\"https:\/\/utemassan.se\/wp-content\/uploads\/2019\/12\/ansia.jpg 1920w, https:\/\/utemassan.se\/wp-content\/uploads\/2019\/12\/ansia-300x169.jpg 300w, https:\/\/utemassan.se\/wp-content\/uploads\/2019\/12\/ansia-768x432.jpg 768w, https:\/\/utemassan.se\/wp-content\/uploads\/2019\/12\/ansia-1024x576.jpg 1024w, https:\/\/utemassan.se\/wp-content\/uploads\/2019\/12\/ansia-600x338.jpg 600w\" sizes=\"(max-width: 1920px) 100vw, 1920px\" \/><\/a>\n\t\t<\/figure>\n\t<\/div>\n\n\t<div class=\"wpb_raw_code wpb_content_element wpb_raw_html vc_custom_1683531779732\" >\n\t\t<div class=\"wpb_wrapper\">\n\t\t\t<h4>First Camp Ansia<\/h4>\n\n- 5-stj\u00e4rnig familjecamping<br>\n- Stugor, camping el. hotell<br>\n- Barnaktiviteter<br>\n- TV<br>\n- Dusch, toalett (m.m.)<br><br>\n\n<a href=\"https:\/\/www.ansia.se\/\" target=\"_blank\" rel=\"noopener noreferrer\"><strong>L\u00e4s mer om First Camp Ansia<\/strong><\/a><strong>\n<\/strong>\n\t\t<\/div>\n\t<\/div>\n<div class=\"ult-spacer spacer-6a0a250a62619\" data-id=\"6a0a250a62619\" data-height=\"90\" data-height-mobile=\"40\" data-height-tab=\"\" data-height-tab-portrait=\"\" data-height-mobile-landscape=\"40\" style=\"clear:both;display:block;\"><\/div><\/div><\/div><\/div><\/div><\/div><\/div><div class=\"crane-section\"><div class=\"crane-container\"><div class=\"vc_row wpb_row vc_row-fluid\"><div class=\"wpb_column vc_column_container vc_col-sm-4\"><div class=\"vc_column-inner\"><div class=\"wpb_wrapper\">\n\t<div  class=\"wpb_single_image wpb_content_element vc_align_center  wpb_animate_when_almost_visible wpb_fadeIn fadeIn vc_custom_1576577575703\">\n\t\t\n\t\t<figure class=\"wpb_wrapper vc_figure\">\n\t\t\t<a class=\"\" data-lightbox=\"lightbox[rel-10374-315398715]\" href=\"https:\/\/utemassan.se\/wp-content\/uploads\/2019\/12\/chilla-inn-1024x576.jpg\" target=\"_self\"><img loading=\"lazy\" decoding=\"async\" width=\"1920\" height=\"1080\" src=\"https:\/\/utemassan.se\/wp-content\/uploads\/2019\/12\/chilla-inn.jpg\" class=\"vc_single_image-img attachment-full\" alt=\"Chilla Inn Lycksele Kattisavan\" title=\"Chilla Inn Lycksele Kattisavan\" srcset=\"https:\/\/utemassan.se\/wp-content\/uploads\/2019\/12\/chilla-inn.jpg 1920w, https:\/\/utemassan.se\/wp-content\/uploads\/2019\/12\/chilla-inn-300x169.jpg 300w, https:\/\/utemassan.se\/wp-content\/uploads\/2019\/12\/chilla-inn-768x432.jpg 768w, https:\/\/utemassan.se\/wp-content\/uploads\/2019\/12\/chilla-inn-1024x576.jpg 1024w, https:\/\/utemassan.se\/wp-content\/uploads\/2019\/12\/chilla-inn-600x338.jpg 600w\" sizes=\"(max-width: 1920px) 100vw, 1920px\" \/><\/a>\n\t\t<\/figure>\n\t<\/div>\n\n\t<div class=\"wpb_raw_code wpb_content_element wpb_raw_html vc_custom_1683531764961\" >\n\t\t<div class=\"wpb_wrapper\">\n\t\t\t<h4>Kattisavan Camping<\/h4>\n\n- Vackert bel\u00e4gen campingplats<br>\n- Hemlagad mat<br>\n- Bastu- &amp; badtunna<br>\n- Stugor eller k\u00e5ta<br>\n- WC\/dusch<br><br>\n\n<a href=\"https:\/\/www.kcamping.se\/index.php\" target=\"_blank\" rel=\"noopener noreferrer\"><strong>L\u00e4s mer om Kattisavan Camping<\/strong><\/a><strong>\n<\/strong>\n\t\t<\/div>\n\t<\/div>\n<div class=\"ult-spacer spacer-6a0a250a62907\" data-id=\"6a0a250a62907\" data-height=\"90\" data-height-mobile=\"40\" data-height-tab=\"\" data-height-tab-portrait=\"\" data-height-mobile-landscape=\"40\" style=\"clear:both;display:block;\"><\/div><\/div><\/div><\/div><div class=\"wpb_column vc_column_container vc_col-sm-4\"><div class=\"vc_column-inner\"><div class=\"wpb_wrapper\">\n\t<div  class=\"wpb_single_image wpb_content_element vc_align_center  wpb_animate_when_almost_visible wpb_fadeIn fadeIn vc_custom_1576571582548\">\n\t\t\n\t\t<figure class=\"wpb_wrapper vc_figure\">\n\t\t\t<a class=\"\" data-lightbox=\"lightbox[rel-10374-372435037]\" href=\"https:\/\/utemassan.se\/wp-content\/uploads\/2019\/12\/hotell-lycksele-1024x576.jpg\" target=\"_self\"><img loading=\"lazy\" decoding=\"async\" width=\"2000\" height=\"1125\" src=\"https:\/\/utemassan.se\/wp-content\/uploads\/2019\/12\/hotell-lycksele.jpg\" class=\"vc_single_image-img attachment-full\" alt=\"\" title=\"hotell-lycksele\" srcset=\"https:\/\/utemassan.se\/wp-content\/uploads\/2019\/12\/hotell-lycksele.jpg 2000w, https:\/\/utemassan.se\/wp-content\/uploads\/2019\/12\/hotell-lycksele-300x169.jpg 300w, https:\/\/utemassan.se\/wp-content\/uploads\/2019\/12\/hotell-lycksele-768x432.jpg 768w, https:\/\/utemassan.se\/wp-content\/uploads\/2019\/12\/hotell-lycksele-1024x576.jpg 1024w, https:\/\/utemassan.se\/wp-content\/uploads\/2019\/12\/hotell-lycksele-600x338.jpg 600w\" sizes=\"(max-width: 2000px) 100vw, 2000px\" \/><\/a>\n\t\t<\/figure>\n\t<\/div>\n\n\t<div class=\"wpb_raw_code wpb_content_element wpb_raw_html vc_custom_1707376700155\" >\n\t\t<div class=\"wpb_wrapper\">\n\t\t\t<h4>Hotell Lycksele<\/h4>\n\n- Frukost<br>\n- Wifi<br>\n- Fri tillg\u00e5ng till gemensam bastu<br>\n- Gratis parkering<br>\n- Logi<br><br>\n\n<a href=\"http:\/\/hotell-lycksele.se\/\" target=\"_blank\" rel=\"noopener\"><strong>L\u00e4s mer om Hotell Lycksele<\/strong><\/a><strong>\n<\/strong>\n\t\t<\/div>\n\t<\/div>\n<div class=\"ult-spacer spacer-6a0a250a62c8e\" data-id=\"6a0a250a62c8e\" data-height=\"90\" data-height-mobile=\"40\" data-height-tab=\"\" data-height-tab-portrait=\"\" data-height-mobile-landscape=\"40\" style=\"clear:both;display:block;\"><\/div><\/div><\/div><\/div><div class=\"wpb_column vc_column_container vc_col-sm-4\"><div class=\"vc_column-inner\"><div class=\"wpb_wrapper\">\n\t<div  class=\"wpb_single_image wpb_content_element vc_align_center  wpb_animate_when_almost_visible wpb_fadeIn fadeIn vc_custom_1576579017207\">\n\t\t\n\t\t<figure class=\"wpb_wrapper vc_figure\">\n\t\t\t<a class=\"\" data-lightbox=\"lightbox[rel-10374-3069219162]\" href=\"https:\/\/utemassan.se\/wp-content\/uploads\/2019\/12\/thornegarden.jpg\" target=\"_self\"><img loading=\"lazy\" decoding=\"async\" width=\"1000\" height=\"562\" src=\"https:\/\/utemassan.se\/wp-content\/uploads\/2019\/12\/thornegarden.jpg\" class=\"vc_single_image-img attachment-full\" alt=\"Thorn\u00e9g\u00e5rden Restaurang &amp; Vandrarhem\" title=\"Thorn\u00e9g\u00e5rden Restaurang &amp; Vandrarhem\" srcset=\"https:\/\/utemassan.se\/wp-content\/uploads\/2019\/12\/thornegarden.jpg 1000w, https:\/\/utemassan.se\/wp-content\/uploads\/2019\/12\/thornegarden-300x169.jpg 300w, https:\/\/utemassan.se\/wp-content\/uploads\/2019\/12\/thornegarden-768x432.jpg 768w, https:\/\/utemassan.se\/wp-content\/uploads\/2019\/12\/thornegarden-600x337.jpg 600w\" sizes=\"(max-width: 1000px) 100vw, 1000px\" \/><\/a>\n\t\t<\/figure>\n\t<\/div>\n\n\t<div class=\"wpb_raw_code wpb_content_element wpb_raw_html vc_custom_1683531798287\" >\n\t\t<div class=\"wpb_wrapper\">\n\t\t\t<h4>Thorn\u00e9g\u00e5rden<\/h4>\n\n- Vandrarhem med 11 rum\/17 b\u00e4ddar<br>\n- Vid underjordskyrkan i Kristineberg<br>\n- Tillh\u00f6rande Restaurang<br>\n- Egen toalett &amp; dusch<br>\n- S\u00e4llskapsrum med TV<br><br>\n\n<a href=\"https:\/\/thornegarden.se\/\" target=\"_blank\" rel=\"noopener noreferrer\"><strong>L\u00e4s mer om Thorn\u00e9g\u00e5rden<\/strong><\/a><strong>\n<\/strong>\n\t\t<\/div>\n\t<\/div>\n<div class=\"ult-spacer spacer-6a0a250a62ed0\" data-id=\"6a0a250a62ed0\" data-height=\"90\" data-height-mobile=\"40\" data-height-tab=\"\" data-height-tab-portrait=\"\" data-height-mobile-landscape=\"40\" style=\"clear:both;display:block;\"><\/div><\/div><\/div><\/div><\/div><\/div><\/div><\/section><div class=\"crane-section\"><div class=\"crane-container\"><div class=\"vc_row wpb_row vc_row-fluid\"><div class=\"wpb_column vc_column_container vc_col-sm-12\"><div class=\"vc_column-inner\"><div class=\"wpb_wrapper\"><div class=\"ult-spacer spacer-6a0a250a63034\" data-id=\"6a0a250a63034\" data-height=\"80\" data-height-mobile=\"80\" data-height-tab=\"80\" data-height-tab-portrait=\"\" data-height-mobile-landscape=\"\" style=\"clear:both;display:block;\"><\/div><\/div><\/div><\/div><\/div><\/div><\/div>","protected":false},"excerpt":{"rendered":"Tips p\u00e5 boenden i Lycksele med omnejd Gran\u00f6 Beckasin F\u00e5geln\u00e4ste - Unikt boende\u00a0 i \"f\u00e5geln\u00e4sten\" (6 st) - Toalett, dusch och handdukar - TV, kylsk\u00e5p, WIFI, te &amp; kaffe - Golvv\u00e4rme - Oslagbar utsikt L\u00e4s mer om f\u00e5geln\u00e4stena Hotell Lappland - Spa &amp; Gym - M\u00e4ngder av aktiviteter - Room service - TV, Telefon, Wifi ...","protected":false},"author":10,"featured_media":0,"parent":0,"menu_order":0,"comment_status":"closed","ping_status":"closed","template":"","meta":{"inline_featured_image":false,"footnotes":""},"_links":{"self":[{"href":"https:\/\/utemassan.se\/en\/wp-json\/wp\/v2\/pages\/10374"}],"collection":[{"href":"https:\/\/utemassan.se\/en\/wp-json\/wp\/v2\/pages"}],"about":[{"href":"https:\/\/utemassan.se\/en\/wp-json\/wp\/v2\/types\/page"}],"author":[{"embeddable":true,"href":"https:\/\/utemassan.se\/en\/wp-json\/wp\/v2\/users\/10"}],"replies":[{"embeddable":true,"href":"https:\/\/utemassan.se\/en\/wp-json\/wp\/v2\/comments?post=10374"}],"version-history":[{"count":47,"href":"https:\/\/utemassan.se\/en\/wp-json\/wp\/v2\/pages\/10374\/revisions"}],"predecessor-version":[{"id":11706,"href":"https:\/\/utemassan.se\/en\/wp-json\/wp\/v2\/pages\/10374\/revisions\/11706"}],"wp:attachment":[{"href":"https:\/\/utemassan.se\/en\/wp-json\/wp\/v2\/media?parent=10374"}],"curies":[{"name":"wp","href":"https:\/\/api.w.org\/{rel}","templated":true}]}}